{"id":114,"date":"2020-01-07T12:06:19","date_gmt":"2020-01-07T12:06:19","guid":{"rendered":"http:\/\/wpadmin\/?page_id=114"},"modified":"2024-10-14T10:21:34","modified_gmt":"2024-10-14T09:21:34","slug":"itx-flex","status":"publish","type":"page","link":"https:\/\/www.arcanic.dk\/index.php\/losninger\/itx-flex\/","title":{"rendered":"Observer"},"content":{"rendered":"\n<p><em>Tidligere ITX Flex og ITX Flex Remote<\/em><\/p>\n\n\n\n<p>Arcanic Observer bruges til at overv\u00e5ge eksamensdeltagere og deres devices ved stedpr\u00f8ver og pr\u00f8ver hjemmefra. L\u00f8sningen er udviklet i samarbejde med bl.a. K\u00f8benhavns Universitet og benyttes bl.a. p\u00e5 Aalborg universitet, Det Kongelige Akademi og hos Forenede Danske Revisorer (FSR).<\/p>\n\n\n\n<p>L\u00f8sningen indeholder:<\/p>\n\n\n\n<ul class=\"wp-block-list\">\n<li>Overv\u00e5gning af studerende og devices for at minimere snyd<\/li>\n\n\n\n<li>Live visning af deltagernes optagelse<\/li>\n\n\n\n<li>Online Chat-funktion med deltagere til remote eksamener<\/li>\n\n\n\n<li>Check-ind flow med mulighed for ID-kort kontrol ved brug af ansigtsgenkendelse<\/li>\n\n\n\n<li>&#8220;Record &amp; Review&#8221; af eksamensdeltagelse<\/li>\n\n\n\n<li>Sagsbehandlingssystem til underst\u00f8ttelse af review inklusiv mulighed for at lave bookmarks i optagelser <\/li>\n\n\n\n<li>Udgave til Mac og PC.<\/li>\n\n\n\n<li>Online status p\u00e5 studerende for tilsyn<\/li>\n\n\n\n<li>Mulighed for at f\u00e5 statusrapport om eksamen<\/li>\n<\/ul>\n\n\n\n<p><\/p>\n\n\n\n<p><strong>Overv\u00e5gning af studerende og devices for at minimere snyd<\/strong>: Observer tilbyder avanceret overv\u00e5gningsteknologi, der sikrer, at b\u00e5de studerende og deres enheder overv\u00e5ges n\u00f8je under eksamener. Dette hj\u00e6lper med at minimere snyd ved at opdage og forhindre uautoriseret aktivitet, hvilket sikrer en retf\u00e6rdig og sikker eksamensproces.<\/p>\n\n\n\n<p><strong>Live visning af deltagernes optagelse<\/strong>: Med Observer kan eksamensansvarlige se live optagelser af deltagerne under eksamen. Dette giver mulighed for \u00f8jeblikkelig intervention, hvis der opdages mist\u00e6nkelig adf\u00e6rd, og sikrer, at eksamensreglerne overholdes i realtid. Live-visning underst\u00f8tter s\u00e5kaldt &#8220;Casino-view&#8221;, hvor en enkelt tilsynsf\u00f8rende kan f\u00f8lge med i adskillige eksamensdeltagelser (fx 3&#215;3=9 eller 5&#215;5=25 grid visning).<\/p>\n\n\n\n<p><strong>Online Chat-funktion med deltagere til remote eksamener<\/strong>: Observer inkluderer en online chat-funktion, der g\u00f8r det muligt for eksamensansvarlige at kommunikere direkte med deltagerne under fjern-eksamener. Dette er nyttigt for at besvare sp\u00f8rgsm\u00e5l, give instruktioner eller h\u00e5ndtere tekniske problemer uden at forstyrre eksamensforl\u00f8bet.<\/p>\n\n\n\n<p><strong>Check-ind flow med mulighed for ID-kort kontrol ved brug af ansigtsgenkendelse<\/strong>: Observer tilbyder et check-ind flow, der inkluderer ID-kort kontrol ved hj\u00e6lp af ansigtsgenkendelsesteknologi. Dette sikrer, at kun autoriserede personer deltager i eksamenen, og forhindrer identitetssvindel.<\/p>\n\n\n\n<p><strong>\u201cRecord &amp; Review\u201d af eksamensdeltagelse<\/strong>: Med Observer kan eksamensdeltagelsen optages og gemmes til senere gennemgang. \u201cRecord &amp; Review\u201d-funktionen g\u00f8r det muligt at analysere eksamensforl\u00f8bet og identificere eventuelle uregelm\u00e6ssigheder eller snyd efter eksamenen er afsluttet.<\/p>\n\n\n\n<p><strong>Sagsbehandlingssystem til underst\u00f8ttelse af review inklusiv mulighed for at lave bookmarks i optagelser<\/strong>: Observer inkluderer et sagsbehandlingssystem, der underst\u00f8tter gennemgang af optagelser. Brugere kan lave bookmarks i optagelserne for nemt at finde og dokumentere specifikke h\u00e6ndelser, hvilket g\u00f8r det lettere at h\u00e5ndtere eventuelle klager eller unders\u00f8gelser.<\/p>\n\n\n\n<p><strong>Udgave til Mac og PC<\/strong>: Observer er tilg\u00e6ngelig b\u00e5de til Mac og PC, hvilket sikrer bred kompatibilitet og brugervenlighed for alle brugere, uanset deres foretrukne operativsystem.<\/p>\n\n\n\n<p><strong>Online status p\u00e5 studerende for tilsyn<\/strong>: Med Observer kan eksamensansvarlige overv\u00e5ge de studerendes online status i realtid. Dette g\u00f8r det muligt at sikre, at alle deltagere er til stede og aktive under hele eksamenen.<\/p>\n\n\n\n<p><strong>Mulighed for at f\u00e5 statusrapport om eksamen<\/strong>: Observer tilbyder muligheden for at generere detaljerede statusrapporter om eksamenen. Disse rapporter kan inkludere information om deltageraktivitet, eventuelle h\u00e6ndelser og generel eksamensstatus, hvilket giver et omfattende overblik over eksamensforl\u00f8bet.<\/p>\n\n\n\n<pre class=\"wp-block-preformatted\">  For mere information kontakt Arvid Klein Gregersen p\u00e5 arig@arcanic.dk <\/pre>\n\n\n\n<p><\/p>\n","protected":false},"excerpt":{"rendered":"<p>underst\u00f8tter overv\u00e5gning af eksamensdeltagere og deres egne devices ved stedpr\u00f8ver og pr\u00f8ver hjemmefra.<\/p>\n","protected":false},"author":2,"featured_media":0,"parent":58,"menu_order":0,"comment_status":"closed","ping_status":"closed","template":"","meta":{"footnotes":""},"class_list":["post-114","page","type-page","status-publish","hentry"],"featured_image_urls_v2":{"full":"","thumbnail":"","medium":"","medium_large":"","large":"","1536x1536":"","2048x2048":""},"post_excerpt_stackable_v2":"<p>underst\u00f8tter overv\u00e5gning af eksamensdeltagere og deres egne devices ved stedpr\u00f8ver og pr\u00f8ver hjemmefra.<\/p>\n","category_list_v2":"","author_info_v2":{"name":"Berit Cecilie Brix","url":"https:\/\/www.arcanic.dk\/index.php\/author\/bcbrix\/"},"comments_num_v2":"0 comments","_links":{"self":[{"href":"https:\/\/www.arcanic.dk\/index.php\/wp-json\/wp\/v2\/pages\/114","targetHints":{"allow":["GET"]}}],"collection":[{"href":"https:\/\/www.arcanic.dk\/index.php\/wp-json\/wp\/v2\/pages"}],"about":[{"href":"https:\/\/www.arcanic.dk\/index.php\/wp-json\/wp\/v2\/types\/page"}],"author":[{"embeddable":true,"href":"https:\/\/www.arcanic.dk\/index.php\/wp-json\/wp\/v2\/users\/2"}],"replies":[{"embeddable":true,"href":"https:\/\/www.arcanic.dk\/index.php\/wp-json\/wp\/v2\/comments?post=114"}],"version-history":[{"count":17,"href":"https:\/\/www.arcanic.dk\/index.php\/wp-json\/wp\/v2\/pages\/114\/revisions"}],"predecessor-version":[{"id":971,"href":"https:\/\/www.arcanic.dk\/index.php\/wp-json\/wp\/v2\/pages\/114\/revisions\/971"}],"up":[{"embeddable":true,"href":"https:\/\/www.arcanic.dk\/index.php\/wp-json\/wp\/v2\/pages\/58"}],"wp:attachment":[{"href":"https:\/\/www.arcanic.dk\/index.php\/wp-json\/wp\/v2\/media?parent=114"}],"curies":[{"name":"wp","href":"https:\/\/api.w.org\/{rel}","templated":true}]}}