{"id":118,"date":"2020-01-07T12:12:31","date_gmt":"2020-01-07T12:12:31","guid":{"rendered":"http:\/\/wpadmin\/?page_id=118"},"modified":"2023-12-19T09:14:35","modified_gmt":"2023-12-19T08:14:35","slug":"tilsyn","status":"publish","type":"page","link":"https:\/\/www.arcanic.dk\/index.php\/losninger\/tilsyn\/","title":{"rendered":"Tilsyn"},"content":{"rendered":"\n<p>Modulet underst\u00f8tter en smidig proces for h\u00e5ndtering af eksamensvagter til eksamener (s\u00e6rligt stedpr\u00f8ver og mundtlige eksamener).<\/p>\n\n\n\n<p>Tilsynsnet underst\u00f8tter<\/p>\n\n\n\n<ul class=\"wp-block-list\">\n<li>lokaletildeling<\/li>\n\n\n\n<li>vagt\u00f8nsker\/planer<\/li>\n\n\n\n<li>tilsynstildeling<\/li>\n\n\n\n<li>kommunikation med tilsyn<\/li>\n\n\n\n<li>afl\u00f8nning af eksamenstilsyn<\/li>\n\n\n\n<li>visuelt overblik over vagtplaner <\/li>\n<\/ul>\n\n\n\n<blockquote class=\"wp-block-quote is-layout-flow wp-block-quote-is-layout-flow\">\n<p><strong><em>Illustration af processen<\/em><\/strong><\/p>\n<\/blockquote>\n\n\n\n<figure class=\"wp-block-image size-full\"><img loading=\"lazy\" decoding=\"async\" width=\"887\" height=\"553\" src=\"https:\/\/www.arcanic.dk\/wp-content\/uploads\/2023\/12\/Billede1.png\" alt=\"\" class=\"wp-image-915\" srcset=\"https:\/\/www.arcanic.dk\/wp-content\/uploads\/2023\/12\/Billede1.png 887w, https:\/\/www.arcanic.dk\/wp-content\/uploads\/2023\/12\/Billede1-300x187.png 300w, https:\/\/www.arcanic.dk\/wp-content\/uploads\/2023\/12\/Billede1-768x479.png 768w\" sizes=\"auto, (max-width: 887px) 100vw, 887px\" \/><\/figure>\n\n\n\n<p><strong>Administratorer kan<\/strong><\/p>\n\n\n\n<ul class=\"wp-block-list\">\n<li>oprette tilsyn<\/li>\n\n\n\n<li>indhente vagt\u00f8nsker fra tilsyn<\/li>\n\n\n\n<li>lokaletildele<\/li>\n\n\n\n<li>tildele tilsyn til eksamener<\/li>\n\n\n\n<li>afl\u00f8nne tilsyn<\/li>\n<\/ul>\n\n\n\n<p><strong>Tilsyn kan<\/strong><\/p>\n\n\n\n<ul class=\"wp-block-list\">\n<li>melde \u00f8nsker ind<br>(ogs\u00e5 mulighed for at markere sig som utilg\u00e6ngelig i en eksamensperiode)<\/li>\n\n\n\n<li>kommunikere med administrationen<\/li>\n\n\n\n<li>f\u00e5 et overblik over vagter<\/li>\n<\/ul>\n\n\n\n<pre class=\"wp-block-preformatted\">For mere information kontakt Lars Kampp Zilmer p\u00e5 zlmr@arcanic.dk<\/pre>\n","protected":false},"excerpt":{"rendered":"<p>underst\u00f8tter administration, booking og afl\u00f8nning af det personale, som skal f\u00f8re tilsyn med stedpr\u00f8ver.<\/p>\n","protected":false},"author":2,"featured_media":0,"parent":58,"menu_order":0,"comment_status":"closed","ping_status":"closed","template":"","meta":{"footnotes":""},"class_list":["post-118","page","type-page","status-publish","hentry"],"featured_image_urls_v2":{"full":"","thumbnail":"","medium":"","medium_large":"","large":"","1536x1536":"","2048x2048":""},"post_excerpt_stackable_v2":"<p>underst\u00f8tter administration, booking og afl\u00f8nning af det personale, som skal f\u00f8re tilsyn med stedpr\u00f8ver.<\/p>\n","category_list_v2":"","author_info_v2":{"name":"Berit Cecilie Brix","url":"https:\/\/www.arcanic.dk\/index.php\/author\/bcbrix\/"},"comments_num_v2":"0 comments","_links":{"self":[{"href":"https:\/\/www.arcanic.dk\/index.php\/wp-json\/wp\/v2\/pages\/118","targetHints":{"allow":["GET"]}}],"collection":[{"href":"https:\/\/www.arcanic.dk\/index.php\/wp-json\/wp\/v2\/pages"}],"about":[{"href":"https:\/\/www.arcanic.dk\/index.php\/wp-json\/wp\/v2\/types\/page"}],"author":[{"embeddable":true,"href":"https:\/\/www.arcanic.dk\/index.php\/wp-json\/wp\/v2\/users\/2"}],"replies":[{"embeddable":true,"href":"https:\/\/www.arcanic.dk\/index.php\/wp-json\/wp\/v2\/comments?post=118"}],"version-history":[{"count":10,"href":"https:\/\/www.arcanic.dk\/index.php\/wp-json\/wp\/v2\/pages\/118\/revisions"}],"predecessor-version":[{"id":918,"href":"https:\/\/www.arcanic.dk\/index.php\/wp-json\/wp\/v2\/pages\/118\/revisions\/918"}],"up":[{"embeddable":true,"href":"https:\/\/www.arcanic.dk\/index.php\/wp-json\/wp\/v2\/pages\/58"}],"wp:attachment":[{"href":"https:\/\/www.arcanic.dk\/index.php\/wp-json\/wp\/v2\/media?parent=118"}],"curies":[{"name":"wp","href":"https:\/\/api.w.org\/{rel}","templated":true}]}}