{"id":124,"date":"2020-01-07T12:40:09","date_gmt":"2020-01-07T12:40:09","guid":{"rendered":"http:\/\/wpadmin\/?page_id=124"},"modified":"2020-03-06T15:42:03","modified_gmt":"2020-03-06T14:42:03","slug":"tjenester","status":"publish","type":"page","link":"https:\/\/www.arcanic.dk\/index.php\/tjenester\/","title":{"rendered":"Tjenester"},"content":{"rendered":"\n<h4 class=\"wp-block-heading\"><strong>Konsulentbistand<\/strong> <\/h4>\n\n\n\n<p>Arcanic yder gerne konsulentbistand til jeres institution i form af fx projektledelse af PRINCE-2 certificerede projektledere, men ogs\u00e5 konsulentydelser af mere teknisk karakter af bl.a. Microsoftcertificerede udviklere.<br>Vi har derudover oparbejdet erfaring med en lang r\u00e6kke brancherelevante teknologier og produkter, som g\u00f8r os til eksperter i integrationer. Fra sektorl\u00f8sninger som fx studieadministrative systemer som STADS og SIS, til standardprodukter fra st\u00f8rre softwarefirmaer som fx Microsoft\u2019s Active Directory og AD FS.<br>Kontakt os endelig, hvis du st\u00e5r med en n\u00f8d, der er sv\u00e6r at kn\u00e6kke. Vi elsker udfordringer! <\/p>\n\n\n\n<p><\/p>\n\n\n\n<h4 class=\"wp-block-heading\"><strong>Drift og Support<\/strong><\/h4>\n\n\n\n<p>Arcanic tilbyder drift i serverrum direkte p\u00e5 forskningsnettet i Lyngby. For nogle l\u00f8sninger tilbyder vi at passe maskinerne hos kunden, hvor vi tager os af applikationen. Arcanics support er bemandet hverdage som udgangspunktet fra 9-16, ogs\u00e5 i ferierne. Supporten kan fungere som 1st og 2nd level support.<\/p>\n\n\n\n<p><\/p>\n\n\n\n<h4 class=\"wp-block-heading\"><strong>Undervisning<\/strong><\/h4>\n\n\n\n<p>Vores kursusafdeling kommer gerne ud og giver skr\u00e6ddersyede kurser til jeres medarbejdere. Kontakt os for at planl\u00e6gge tid og omfang. <\/p>\n","protected":false},"excerpt":{"rendered":"<p>Konsulentbistand Arcanic yder gerne konsulentbistand til jeres institution i form af fx projektledelse af PRINCE-2 certificerede projektledere, men ogs\u00e5 konsulentydelser af mere teknisk karakter af bl.a. Microsoftcertificerede udviklere.Vi har derudover oparbejdet erfaring med en lang r\u00e6kke brancherelevante teknologier og produkter, som g\u00f8r os til eksperter i integrationer. Fra sektorl\u00f8sninger som fx studieadministrative systemer som STADS [&hellip;]<\/p>\n","protected":false},"author":2,"featured_media":0,"parent":0,"menu_order":0,"comment_status":"closed","ping_status":"closed","template":"","meta":{"footnotes":""},"class_list":["post-124","page","type-page","status-publish","hentry"],"featured_image_urls_v2":{"full":"","thumbnail":"","medium":"","medium_large":"","large":"","1536x1536":"","2048x2048":""},"post_excerpt_stackable_v2":"<p>Konsulentbistand Arcanic yder gerne konsulentbistand til jeres institution i form af fx projektledelse af PRINCE-2 certificerede projektledere, men ogs\u00e5 konsulentydelser af mere teknisk karakter af bl.a. Microsoftcertificerede udviklere.Vi har derudover oparbejdet erfaring med en lang r\u00e6kke brancherelevante teknologier og produkter, som g\u00f8r os til eksperter i integrationer. Fra sektorl\u00f8sninger som fx studieadministrative systemer som STADS og SIS, til standardprodukter fra st\u00f8rre softwarefirmaer som fx Microsoft\u2019s Active Directory og AD FS.Kontakt os endelig, hvis du st\u00e5r med en n\u00f8d, der er sv\u00e6r at kn\u00e6kke. Vi elsker udfordringer! Drift og Support Arcanic tilbyder drift i serverrum direkte p\u00e5 forskningsnettet i Lyngby. For&hellip;<\/p>\n","category_list_v2":"","author_info_v2":{"name":"Berit Cecilie Brix","url":"https:\/\/www.arcanic.dk\/index.php\/author\/bcbrix\/"},"comments_num_v2":"0 comments","_links":{"self":[{"href":"https:\/\/www.arcanic.dk\/index.php\/wp-json\/wp\/v2\/pages\/124","targetHints":{"allow":["GET"]}}],"collection":[{"href":"https:\/\/www.arcanic.dk\/index.php\/wp-json\/wp\/v2\/pages"}],"about":[{"href":"https:\/\/www.arcanic.dk\/index.php\/wp-json\/wp\/v2\/types\/page"}],"author":[{"embeddable":true,"href":"https:\/\/www.arcanic.dk\/index.php\/wp-json\/wp\/v2\/users\/2"}],"replies":[{"embeddable":true,"href":"https:\/\/www.arcanic.dk\/index.php\/wp-json\/wp\/v2\/comments?post=124"}],"version-history":[{"count":6,"href":"https:\/\/www.arcanic.dk\/index.php\/wp-json\/wp\/v2\/pages\/124\/revisions"}],"predecessor-version":[{"id":207,"href":"https:\/\/www.arcanic.dk\/index.php\/wp-json\/wp\/v2\/pages\/124\/revisions\/207"}],"wp:attachment":[{"href":"https:\/\/www.arcanic.dk\/index.php\/wp-json\/wp\/v2\/media?parent=124"}],"curies":[{"name":"wp","href":"https:\/\/api.w.org\/{rel}","templated":true}]}}