{"id":172,"date":"2020-01-07T15:11:18","date_gmt":"2020-01-07T15:11:18","guid":{"rendered":"http:\/\/wpadmin\/?page_id=172"},"modified":"2023-09-15T13:14:33","modified_gmt":"2023-09-15T12:14:33","slug":"kontakt","status":"publish","type":"page","link":"https:\/\/www.arcanic.dk\/index.php\/kontakt\/","title":{"rendered":"Kontakt"},"content":{"rendered":"\n<div class=\"aligncenter wp-block-ugb-container ugb-container contact-section ugb-container--width-small ugb-21c5cbf ugb-container--v2 ugb-container--design-plain ugb-main-block\"><style>.ugb-21c5cbf-wrapper > .ugb-container__side{padding-top:35px !important;padding-bottom:35px !important}.ugb-21c5cbf-wrapper.ugb-container__wrapper{padding-top:0 !important;padding-bottom:0 !important}@media screen and (min-width:768px){.ugb-21c5cbf.ugb-container{margin-top:0px !important;margin-bottom:0px !important;margin-right:0px !important;margin-left:0px !important;padding-top:0px !important;padding-right:0px !important;padding-bottom:0px !important;padding-left:0px !important}}<\/style><div class=\"ugb-inner-block\"><div class=\"ugb-block-content\"><div class=\"ugb-container__wrapper ugb-21c5cbf-wrapper\"><div class=\"ugb-container__side\"><div class=\"ugb-container__content-wrapper ugb-21c5cbf-content-wrapper\">\n<article class=\"wp-block-cgb-block-contact contact__block\"><div><h3 class=\"contact__name\">S\u00f8ren Bjerg\u00f8<\/h3><span class=\"contact__role\">Administrerende direkt\u00f8r<\/span><\/div><div class=\"contact__info\"><a class=\"contact__phone\" href=\"tel:+45 69 17 22 90 \">+45 69 17 22 90 <\/a><a href=\"mailto:sorb@arcanic.dk\" class=\"contact__mail\">sorb@arcanic.dk<\/a><\/div><\/article>\n\n\n\n<article class=\"wp-block-cgb-block-contact contact__block\"><div><h3 class=\"contact__name\">Anne Oddershede Larsen<\/h3><span class=\"contact__role\">Kundeansvarlig, Projektleder<\/span><\/div><div class=\"contact__info\"><a class=\"contact__phone\" href=\"tel:+45 43 14 25 55\">+45 43 14 25 55<\/a><a href=\"mailto:aola@arcanic.dk\" class=\"contact__mail\">aola@arcanic.dk<\/a><\/div><\/article>\n\n\n\n<article class=\"wp-block-cgb-block-contact contact__block\"><div><h3 class=\"contact__name\">Arvid Klein Gregersen<\/h3><span class=\"contact__role\">Usability- og produktansvarlig<\/span><\/div><div class=\"contact__info\"><a class=\"contact__phone\" href=\"tel:+45 43 14 25 48\">+45 43 14 25 48<\/a><a href=\"mailto:arig@arcanic.dk\" class=\"contact__mail\">arig@arcanic.dk<\/a><\/div><\/article>\n\n\n\n<article class=\"wp-block-cgb-block-contact contact__block\"><div><h3 class=\"contact__name\">Lars Kampp Zilmer<\/h3><span class=\"contact__role\">Teknisk projektleder, kundeansvarlig<\/span><\/div><div class=\"contact__info\"><a class=\"contact__phone\" href=\"tel:+45 43 14 25 45\">+45 43 14 25 45<\/a><a href=\"mailto:zlmr@arcanic.dk\" class=\"contact__mail\">zlmr@arcanic.dk<\/a><\/div><\/article>\n\n\n\n<article class=\"wp-block-cgb-block-contact contact__block\"><div><h3 class=\"contact__name\">Casper Torben Holst<\/h3><span class=\"contact__role\">Driftansvarlig<\/span><\/div><div class=\"contact__info\"><a class=\"contact__phone\" href=\"tel:+45 69 17 22 88\">+45 69 17 22 88<\/a><a href=\"mailto:cato@arcanic.dk\" class=\"contact__mail\">cato@arcanic.dk<\/a><\/div><\/article>\n\n\n\n<article class=\"wp-block-cgb-block-contact contact__block\"><div><h3 class=\"contact__name\">Andreas Gr\u00f8nbjerg<\/h3><span class=\"contact__role\">Kundeansvarlig<\/span><\/div><div class=\"contact__info\"><a class=\"contact__phone\" href=\"tel:+45 43 14 25 41\">+45 43 14 25 41<\/a><a href=\"mailto:andg@arcanic.dk\" class=\"contact__mail\">andg@arcanic.dk<\/a><\/div><\/article>\n\n\n\n<article class=\"wp-block-cgb-block-contact contact__block\"><div><h3 class=\"contact__name\">Arcanic Support <\/h3><span class=\"contact__role\">Supportens hovednummer<\/span><\/div><div class=\"contact__info\"><a class=\"contact__phone\" href=\"tel:+45 69 17 22 99\">+45 69 17 22 99<\/a><a href=\"mailto:support@arcanicsupport.dk\" class=\"contact__mail\">support@arcanicsupport.dk<\/a><\/div><\/article>\n\n\n\n<p><\/p>\n<\/div><\/div><\/div><\/div><\/div><\/div>\n\n\n\n<p><\/p>\n","protected":false},"excerpt":{"rendered":"","protected":false},"author":2,"featured_media":0,"parent":0,"menu_order":0,"comment_status":"closed","ping_status":"closed","template":"page-contact.php","meta":{"footnotes":""},"class_list":["post-172","page","type-page","status-publish","hentry"],"featured_image_urls_v2":{"full":"","thumbnail":"","medium":"","medium_large":"","large":"","1536x1536":"","2048x2048":""},"post_excerpt_stackable_v2":"<p>S\u00f8ren Bjerg\u00f8Administrerende direkt\u00f8r+45 69 17 22 90 sorb@arcanic.dk Anne Oddershede LarsenKundeansvarlig, Projektleder+45 43 14 25 55aola@arcanic.dk Arvid Klein GregersenUsability- og produktansvarlig+45 43 14 25 48arig@arcanic.dk Lars Kampp ZilmerTeknisk projektleder, kundeansvarlig+45 43 14 25 45zlmr@arcanic.dk Casper Torben HolstDriftansvarlig+45 69 17 22 88cato@arcanic.dk Andreas Gr\u00f8nbjergKundeansvarlig+45 43 14 25 41andg@arcanic.dk Arcanic Support Supportens hovednummer+45 69 17 22 99support@arcanicsupport.dk<\/p>\n","category_list_v2":"","author_info_v2":{"name":"Berit Cecilie Brix","url":"https:\/\/www.arcanic.dk\/index.php\/author\/bcbrix\/"},"comments_num_v2":"0 comments","_links":{"self":[{"href":"https:\/\/www.arcanic.dk\/index.php\/wp-json\/wp\/v2\/pages\/172","targetHints":{"allow":["GET"]}}],"collection":[{"href":"https:\/\/www.arcanic.dk\/index.php\/wp-json\/wp\/v2\/pages"}],"about":[{"href":"https:\/\/www.arcanic.dk\/index.php\/wp-json\/wp\/v2\/types\/page"}],"author":[{"embeddable":true,"href":"https:\/\/www.arcanic.dk\/index.php\/wp-json\/wp\/v2\/users\/2"}],"replies":[{"embeddable":true,"href":"https:\/\/www.arcanic.dk\/index.php\/wp-json\/wp\/v2\/comments?post=172"}],"version-history":[{"count":91,"href":"https:\/\/www.arcanic.dk\/index.php\/wp-json\/wp\/v2\/pages\/172\/revisions"}],"predecessor-version":[{"id":897,"href":"https:\/\/www.arcanic.dk\/index.php\/wp-json\/wp\/v2\/pages\/172\/revisions\/897"}],"wp:attachment":[{"href":"https:\/\/www.arcanic.dk\/index.php\/wp-json\/wp\/v2\/media?parent=172"}],"curies":[{"name":"wp","href":"https:\/\/api.w.org\/{rel}","templated":true}]}}