{"id":228,"date":"2020-01-13T11:46:42","date_gmt":"2020-01-13T11:46:42","guid":{"rendered":"http:\/\/wpadmin\/?page_id=228"},"modified":"2024-09-09T14:24:34","modified_gmt":"2024-09-09T13:24:34","slug":"optagelse","status":"publish","type":"page","link":"https:\/\/www.arcanic.dk\/index.php\/losninger\/optagelse\/","title":{"rendered":"Optagelse"},"content":{"rendered":"\n<div class=\"wp-block-columns is-layout-flex wp-container-core-columns-is-layout-9d6595d7 wp-block-columns-is-layout-flex\">\n<div class=\"wp-block-column is-layout-flow wp-block-column-is-layout-flow\" style=\"flex-basis:66.66%\">\n<p>Modulet underst\u00f8tter administrationernes ans\u00f8gnings- og optagelsesprocesser ved almindelige optagelsesperioder og fx vinteroptag. Modulet giver de kommende studerende en overskuelig og lettilg\u00e6ngelig indgang til studiet, samlet \u00e9t sted.<\/p>\n\n\n\n<p>L\u00f8sningen underst\u00f8tter data fra studieadministrative systemer som esas og STADS, men ogs\u00e5 fra alternative kilder, som fx MoveOn.<\/p>\n\n\n\n<p><strong>For administratorer <\/strong>giver bl.a. dette mulighed for<\/p>\n\n\n\n<ul class=\"wp-block-list\"><li>automatisk import af ans\u00f8gere og optagelser fra studieadministrativt system (fx STADS\/esas) <\/li><li>tilpasning og generering af optagelsesbreve p\u00e5 baggrund af egne word-skabeloner<\/li><li>h\u00e5ndtering af optag uden for almindelig optagelsesperiode og internationale studerende<\/li><li>kommunikation med ans\u00f8gere inkl. indhentning af dokumentation<\/li><li>statistik for ans\u00f8gerlogins<\/li><\/ul>\n\n\n\n<p><strong>For studerende<\/strong> giver bl.a. dette mulighed for  <\/p>\n\n\n\n<ul class=\"wp-block-list\"><li>at f\u00e5 nemt overblik over behandlingen af din ans\u00f8gning<\/li><li>et sted at modtage relevant information fra administrationen, heriblandt optagelsesbrev<\/li><li>at uploade p\u00e5kr\u00e6vet dokumentation<\/li><li>at uploade foto til studiekort<\/li><li>at modtage information om brugerkonto til uddannelsens andre systemer<\/li><\/ul>\n\n\n\n<p><\/p>\n<\/div>\n\n\n\n<div class=\"wp-block-column is-layout-flow wp-block-column-is-layout-flow\" style=\"flex-basis:33.33%\">\n<article class=\"wp-block-cgb-block-testimonial testimonial\"><i class=\"testimonial__quotationmarks fas fa-quote-right\"><\/i><quote><p class=\"testimonial__quote\">L\u00f8sningen er brugervenlig, b\u00e5de for back-office og for vores brugere og det er superrart, at Arcanic altid reagerer hurtigt p\u00e5 b\u00e5de supportsager og ift. dialog omkring \u00f8nsker for udvikling af systemet.<\/p><\/quote><div class=\"testimonial__details\"><span class=\"testimonial__name\">Bente Wibom<\/span><div><span class=\"testimonial__position\">Kontorchef for Vejledning og Optagelse,<\/span> <span class=\"testimonial__corporation\">DTU<\/span><\/div><\/div><\/article>\n<\/div>\n<\/div>\n\n\n\n<article class=\"wp-block-cgb-block-contact-cta contact-cta__block\"><p class=\"contact-cta__info\">For mere information kontakt <span>Lars Kampp Zilmer<\/span> p\u00e5 <a href=\"mailto:zlmr@arcanic.dk\" class=\"contact-cta__mail\">zlmr@arcanic.dk<\/a><\/p><\/article>\n\n\n\n<p><\/p>\n","protected":false},"excerpt":{"rendered":"<p>underst\u00f8tter administrationernes ans\u00f8gnings- og optagelsesprocesser uden for den almindelige optagelsesperiode.<\/p>\n","protected":false},"author":2,"featured_media":0,"parent":58,"menu_order":0,"comment_status":"closed","ping_status":"closed","template":"page-product.php","meta":{"footnotes":""},"class_list":["post-228","page","type-page","status-publish","hentry"],"featured_image_urls_v2":{"full":"","thumbnail":"","medium":"","medium_large":"","large":"","1536x1536":"","2048x2048":""},"post_excerpt_stackable_v2":"<p>underst\u00f8tter administrationernes ans\u00f8gnings- og optagelsesprocesser uden for den almindelige optagelsesperiode.<\/p>\n","category_list_v2":"","author_info_v2":{"name":"Berit Cecilie Brix","url":"https:\/\/www.arcanic.dk\/index.php\/author\/bcbrix\/"},"comments_num_v2":"0 comments","_links":{"self":[{"href":"https:\/\/www.arcanic.dk\/index.php\/wp-json\/wp\/v2\/pages\/228","targetHints":{"allow":["GET"]}}],"collection":[{"href":"https:\/\/www.arcanic.dk\/index.php\/wp-json\/wp\/v2\/pages"}],"about":[{"href":"https:\/\/www.arcanic.dk\/index.php\/wp-json\/wp\/v2\/types\/page"}],"author":[{"embeddable":true,"href":"https:\/\/www.arcanic.dk\/index.php\/wp-json\/wp\/v2\/users\/2"}],"replies":[{"embeddable":true,"href":"https:\/\/www.arcanic.dk\/index.php\/wp-json\/wp\/v2\/comments?post=228"}],"version-history":[{"count":13,"href":"https:\/\/www.arcanic.dk\/index.php\/wp-json\/wp\/v2\/pages\/228\/revisions"}],"predecessor-version":[{"id":960,"href":"https:\/\/www.arcanic.dk\/index.php\/wp-json\/wp\/v2\/pages\/228\/revisions\/960"}],"up":[{"embeddable":true,"href":"https:\/\/www.arcanic.dk\/index.php\/wp-json\/wp\/v2\/pages\/58"}],"wp:attachment":[{"href":"https:\/\/www.arcanic.dk\/index.php\/wp-json\/wp\/v2\/media?parent=228"}],"curies":[{"name":"wp","href":"https:\/\/api.w.org\/{rel}","templated":true}]}}