{"id":413,"date":"2020-03-09T12:35:32","date_gmt":"2020-03-09T11:35:32","guid":{"rendered":"http:\/\/www.arcanic.dk\/?page_id=413"},"modified":"2024-09-09T11:59:38","modified_gmt":"2024-09-09T10:59:38","slug":"handlingsplaner","status":"publish","type":"page","link":"https:\/\/www.arcanic.dk\/index.php\/losninger\/handlingsplaner\/","title":{"rendered":"Handlingsplaner \/ Sagsbehandling"},"content":{"rendered":"\n<p>er et system, som er blevet udviklet sammen med cphbusiness til h\u00e5ndtering og administration af mange forskellige typer af dispensations-og merit sager. <\/p>\n\n\n\n<p>Helt overordnet set erstatter systemet funktionspostkasser\/mails og andre GDPR udfordrede v\u00e6rkt\u00f8jer og kan via meget enkle overbliksbilleder og notifikationsmuligheder sikre at ingen sager glemmes eller falder mellem to stole.<\/p>\n\n\n\n<p>Systemet underst\u00f8tter b\u00e5de administratorer, studievejledere, studerende m.fl. i de arbejdsprocesser, som er knyttet til disse sager og er integreret med sektorens studieadministrative systemer. Derudover kan systemet tilpasses til institutionen og p\u00e5 den m\u00e5de g\u00f8res meget praksisn\u00e6rt.<\/p>\n\n\n\n<div style=\"height:22px\" aria-hidden=\"true\" class=\"wp-block-spacer\"><\/div>\n\n\n\n<p><strong>Procesdiagram <\/strong><\/p>\n\n\n\n<p>Nedenfor ses en grafisk fremstilling af de processer\/handlinger, som systemet underst\u00f8tter<\/p>\n\n\n\n<figure class=\"wp-block-image size-large\"><img decoding=\"async\" src=\"https:\/\/www.arcanic.dk\/wp-content\/uploads\/2022\/09\/image-7.png\" alt=\"\"\/><\/figure>\n\n\n\n<p>Systemet tilg\u00e5s ved at logge ind med brugernavn og password eller via intranettet som single-sign-on. Eksterne\/kommende studerende har mulighed for at logge p\u00e5 via NemID.<br><\/p>\n\n\n\n<div class=\"wp-block-stackable-spacer stk-block-spacer stk--no-padding stk-block stk-c405604\" data-block-id=\"c405604\"><style>.stk-c405604{height:17px !important}<\/style><\/div>\n\n\n\n<p><strong>For sagsbehandlerne\/studievejledere&nbsp;<\/strong>giver systemet <\/p>\n\n\n\n<ul class=\"wp-block-list\">\n<li>overblik over indkomne ans\u00f8gninger, igangv\u00e6rende sagers status og tidligere afg\u00f8relser<\/li>\n\n\n\n<li>log p\u00e5 hver enkelt ans\u00f8gning, s\u00e5 sagsbehandler kan se hvem som har udf\u00f8rt hvilke handlinger<\/li>\n\n\n\n<li>nem deling af sager mellem sagsbehandlere og studievejledere<\/li>\n\n\n\n<li>notifikationer til relevante interessenter s\u00e5 sager ikke glemmes<\/li>\n\n\n\n<li>mulighed for at redigere ans\u00f8gning for ans\u00f8ger i tilf\u00e6lde af fejl og mangler<\/li>\n\n\n\n<li>mulighed for at videresende til relevante udvalg<\/li>\n\n\n\n<li>smart m\u00e5de at danne afg\u00f8relsesbreve uden nogen tekstbehandling (brevflet ift. type\/afg\u00f8relse\/stamdata mm.)<\/li>\n\n\n\n<li>statistikudtr\u00e6k med avancerede filtre <\/li>\n<\/ul>\n\n\n\n<p><strong>For studerende<\/strong>&nbsp;giver systemet<\/p>\n\n\n\n<ul class=\"wp-block-list\">\n<li>overblik over igangv\u00e6rende ans\u00f8gninger og tidligere afg\u00f8relser<\/li>\n\n\n\n<li>enkel ans\u00f8gningsproces for forskellige handlingsplaner\/studieplaner<\/li>\n\n\n\n<li>feedback fra sagsbehandlere undervejs i processen <\/li>\n\n\n\n<li>notifikationer n\u00e5r der kr\u00e6ves handlinger <\/li>\n<\/ul>\n\n\n\n<p><strong>Systemet<\/strong> vil desuden <\/p>\n\n\n\n<ul class=\"wp-block-list\">\n<li>l\u00f8fte ift. juridiske krav til sagsbehandling herunder GDPR (persondata)<\/li>\n\n\n\n<li>arkivere afg\u00f8relser direkte til institutionens ESDH-system<\/li>\n\n\n\n<li>effektuere \u00e6ndringer, fx tilf\u00f8jelse af orlovs-periode, direkte i institutionens SIS (STADS, esas eller lignende)<\/li>\n<\/ul>\n\n\n\n<div style=\"height:17px\" aria-hidden=\"true\" class=\"wp-block-spacer\"><\/div>\n\n\n\n<div class=\"wp-block-columns are-vertically-aligned-center is-layout-flex wp-container-core-columns-is-layout-9d6595d7 wp-block-columns-is-layout-flex\">\n<div class=\"wp-block-column is-vertically-aligned-center is-layout-flow wp-block-column-is-layout-flow\" style=\"flex-basis:100%\">\n<div class=\"wp-block-columns is-layout-flex wp-container-core-columns-is-layout-9d6595d7 wp-block-columns-is-layout-flex\">\n<div class=\"wp-block-column is-layout-flow wp-block-column-is-layout-flow\" style=\"flex-basis:100%\">\n<div class=\"wp-block-stackable-columns stk-block-columns stk-block stk-fdba525\" data-block-id=\"fdba525\"><div class=\"stk-row stk-inner-blocks stk-block-content stk-content-align stk-fdba525-column\">\n<div class=\"wp-block-stackable-column stk-block-column stk-column stk-block stk-731ebfc\" data-v=\"4\" data-block-id=\"731ebfc\"><div class=\"stk-column-wrapper stk-block-column__content stk-container stk-731ebfc-container stk--no-background stk--no-padding\"><div class=\"stk-block-content stk-inner-blocks stk-731ebfc-inner-blocks\">\n<p><strong>Overblik for sagsbehandler<\/strong><\/p>\n\n\n\n<div class=\"wp-block-group\"><div class=\"wp-block-group__inner-container is-layout-flow wp-block-group-is-layout-flow\">\n<div class=\"wp-block-group\"><div class=\"wp-block-group__inner-container is-layout-flow wp-block-group-is-layout-flow\">\n<figure class=\"wp-block-embed is-type-video is-provider-youtube wp-block-embed-youtube wp-embed-aspect-16-9 wp-has-aspect-ratio\"><div class=\"wp-block-embed__wrapper\">\n<iframe loading=\"lazy\" title=\"Handlingsplaner \/ Studieplaner\" width=\"640\" height=\"360\" src=\"https:\/\/www.youtube.com\/embed\/V60YjrHCw6c?feature=oembed\" frameborder=\"0\" allow=\"accelerometer; autoplay; clipboard-write; encrypted-media; gyroscope; picture-in-picture; web-share\" referrerpolicy=\"strict-origin-when-cross-origin\" allowfullscreen><\/iframe>\n<\/div><\/figure>\n<\/div><\/div>\n<\/div><\/div>\n<\/div><\/div><\/div>\n<\/div><\/div>\n<\/div>\n<\/div>\n<\/div>\n<\/div>\n\n\n\n<pre class=\"wp-block-preformatted\">  For mere information kontakt Berit Cecilie Brix p\u00e5 bcbrix@arcanic.dk <\/pre>\n\n\n\n<p><\/p>\n","protected":false},"excerpt":{"rendered":"<p>underst\u00f8tter processen for dispensations-og meritans\u00f8gninger for erhvervsakademiernes studieadministrationer og studerende.<\/p>\n","protected":false},"author":2,"featured_media":0,"parent":58,"menu_order":0,"comment_status":"closed","ping_status":"closed","template":"","meta":{"footnotes":""},"class_list":["post-413","page","type-page","status-publish","hentry"],"featured_image_urls_v2":{"full":"","thumbnail":"","medium":"","medium_large":"","large":"","1536x1536":"","2048x2048":""},"post_excerpt_stackable_v2":"<p>underst\u00f8tter processen for dispensations-og meritans\u00f8gninger for erhvervsakademiernes studieadministrationer og studerende.<\/p>\n","category_list_v2":"","author_info_v2":{"name":"Berit Cecilie Brix","url":"https:\/\/www.arcanic.dk\/index.php\/author\/bcbrix\/"},"comments_num_v2":"0 comments","_links":{"self":[{"href":"https:\/\/www.arcanic.dk\/index.php\/wp-json\/wp\/v2\/pages\/413","targetHints":{"allow":["GET"]}}],"collection":[{"href":"https:\/\/www.arcanic.dk\/index.php\/wp-json\/wp\/v2\/pages"}],"about":[{"href":"https:\/\/www.arcanic.dk\/index.php\/wp-json\/wp\/v2\/types\/page"}],"author":[{"embeddable":true,"href":"https:\/\/www.arcanic.dk\/index.php\/wp-json\/wp\/v2\/users\/2"}],"replies":[{"embeddable":true,"href":"https:\/\/www.arcanic.dk\/index.php\/wp-json\/wp\/v2\/comments?post=413"}],"version-history":[{"count":25,"href":"https:\/\/www.arcanic.dk\/index.php\/wp-json\/wp\/v2\/pages\/413\/revisions"}],"predecessor-version":[{"id":948,"href":"https:\/\/www.arcanic.dk\/index.php\/wp-json\/wp\/v2\/pages\/413\/revisions\/948"}],"up":[{"embeddable":true,"href":"https:\/\/www.arcanic.dk\/index.php\/wp-json\/wp\/v2\/pages\/58"}],"wp:attachment":[{"href":"https:\/\/www.arcanic.dk\/index.php\/wp-json\/wp\/v2\/media?parent=413"}],"curies":[{"name":"wp","href":"https:\/\/api.w.org\/{rel}","templated":true}]}}