{"id":450,"date":"2024-09-09T13:58:41","date_gmt":"2024-09-09T12:58:41","guid":{"rendered":"http:\/\/www.arcanic.dk\/?page_id=450"},"modified":"2024-10-14T10:08:55","modified_gmt":"2024-10-14T09:08:55","slug":"kvote-2-optagelsesprover","status":"publish","type":"page","link":"https:\/\/www.arcanic.dk\/index.php\/losninger\/kvote-2-optagelsesprover\/","title":{"rendered":"Kvote 2 optagelsespr\u00f8ver"},"content":{"rendered":"\n<p>L\u00f8sningen er udviklet mhp at unders\u00f8tte en digital afpr\u00f8vning af ans\u00f8gere, som s\u00f8ger ind via Kvote 2 og anvendes bl.a p\u00e5 K\u00f8benhavns Universitet. Optagelsespr\u00f8ven kan foreg\u00e5 som en &#8220;almindelige&#8221; stedpr\u00f8ve i overv\u00e5gede lokaler eller online med v\u00e6rkt\u00f8jet &#8220;ProctorExam&#8221;, fx hvis ans\u00f8geren er n\u00f8dt til at afl\u00e6gge pr\u00f8ven hjemmefra eller i udlandet via egen computer, men der fortsat er et \u00f8nske om at sikre at det er den rigtige studerende, som tager pr\u00f8ven og et \u00f8nske om at overv\u00e5ge de studerendes adf\u00e6rd mhp at minimere snyd.<\/p>\n\n\n\n<p>L\u00f8sningen er for de eksisterende kunder s\u00f8ml\u00f8st koblet op til de respektive optagelsesportaler, hvorfra den studerende efter ans\u00f8gning om optagelse, kan booke tider til optagelsespr\u00f8ven, s\u00f8ge om online deltagelse mm.<\/p>\n\n\n\n<p>L\u00e6s evt. mere her om hvordan K\u00f8benhavns Universitet h\u00e5ndterer <a href=\"https:\/\/studier.ku.dk\/bachelor\/ansoegning-og-optagelse\/kvote-2\/kvote-2-tilmelding\/\" data-type=\"link\" data-id=\"https:\/\/studier.ku.dk\/bachelor\/ansoegning-og-optagelse\/kvote-2\/kvote-2-tilmelding\/\">Kvote 2 processen <\/a><\/p>\n\n\n\n<pre class=\"wp-block-preformatted\"> For mere information kontakt Lars Kampp Zilmer p\u00e5 zlmr@arcanic.dk <\/pre>\n\n\n\n<p><\/p>\n","protected":false},"excerpt":{"rendered":"<p>unders\u00f8tter en digital afpr\u00f8vning af ans\u00f8gere, som s\u00f8ger ind via Kvote 2. L\u00f8sningen kan fungere i kombination med v\u00e6rkt\u00f8jet &#8220;ProctorExam&#8221; for at underst\u00f8tte overv\u00e5gning, hvis pr\u00f8ven afvikles i ikke-overv\u00e5gede lokaler<\/p>\n","protected":false},"author":2,"featured_media":0,"parent":58,"menu_order":0,"comment_status":"closed","ping_status":"closed","template":"page-product.php","meta":{"footnotes":""},"class_list":["post-450","page","type-page","status-publish","hentry"],"featured_image_urls_v2":{"full":"","thumbnail":"","medium":"","medium_large":"","large":"","1536x1536":"","2048x2048":""},"post_excerpt_stackable_v2":"<p>unders\u00f8tter en digital afpr\u00f8vning af ans\u00f8gere, som s\u00f8ger ind via Kvote 2. L\u00f8sningen kan fungere i kombination med v\u00e6rkt\u00f8jet &#8220;ProctorExam&#8221; for at underst\u00f8tte overv\u00e5gning, hvis pr\u00f8ven afvikles i ikke-overv\u00e5gede lokaler<\/p>\n","category_list_v2":"","author_info_v2":{"name":"Berit Cecilie Brix","url":"https:\/\/www.arcanic.dk\/index.php\/author\/bcbrix\/"},"comments_num_v2":"0 comments","_links":{"self":[{"href":"https:\/\/www.arcanic.dk\/index.php\/wp-json\/wp\/v2\/pages\/450","targetHints":{"allow":["GET"]}}],"collection":[{"href":"https:\/\/www.arcanic.dk\/index.php\/wp-json\/wp\/v2\/pages"}],"about":[{"href":"https:\/\/www.arcanic.dk\/index.php\/wp-json\/wp\/v2\/types\/page"}],"author":[{"embeddable":true,"href":"https:\/\/www.arcanic.dk\/index.php\/wp-json\/wp\/v2\/users\/2"}],"replies":[{"embeddable":true,"href":"https:\/\/www.arcanic.dk\/index.php\/wp-json\/wp\/v2\/comments?post=450"}],"version-history":[{"count":8,"href":"https:\/\/www.arcanic.dk\/index.php\/wp-json\/wp\/v2\/pages\/450\/revisions"}],"predecessor-version":[{"id":967,"href":"https:\/\/www.arcanic.dk\/index.php\/wp-json\/wp\/v2\/pages\/450\/revisions\/967"}],"up":[{"embeddable":true,"href":"https:\/\/www.arcanic.dk\/index.php\/wp-json\/wp\/v2\/pages\/58"}],"wp:attachment":[{"href":"https:\/\/www.arcanic.dk\/index.php\/wp-json\/wp\/v2\/media?parent=450"}],"curies":[{"name":"wp","href":"https:\/\/api.w.org\/{rel}","templated":true}]}}