{"id":62,"date":"2019-11-25T14:12:25","date_gmt":"2019-11-25T14:12:25","guid":{"rendered":"http:\/\/wpadmin\/?page_id=62"},"modified":"2023-11-07T14:38:16","modified_gmt":"2023-11-07T13:38:16","slug":"digital-eksamen","status":"publish","type":"page","link":"https:\/\/www.arcanic.dk\/index.php\/losninger\/digital-eksamen\/","title":{"rendered":"Digital Eksamen"},"content":{"rendered":"\n<div class=\"wp-block-columns is-layout-flex wp-container-core-columns-is-layout-9d6595d7 wp-block-columns-is-layout-flex\">\n<div class=\"wp-block-column is-layout-flow wp-block-column-is-layout-flow\" style=\"flex-basis:66.66%\">\n<p>L\u00f8sningen underst\u00f8tter digitalt  og brugervenligt eksamensprocessen lige fra tilmelding, til ops\u00e6tning, afvikling, aflevering og bed\u00f8mmelse og er integreret med de forskellige studieadministrative systemer og v\u00e6rkt\u00f8jer. <\/p>\n\n\n\n<p>Digital Eksamen er udviklet i samarbejde med universiteterne i Danmark og anvendes p\u00e5 7 af landets 8 universiteter.<\/p>\n\n\n\n<p><strong>For administratorerne<\/strong> er der fokus p\u00e5 lette arbejdsprocessen med ops\u00e6tning og planl\u00e6gning af eksamener. Der er mange betingelser og overvejelser knyttet til denne proces, som via Digital Eksamen underst\u00f8ttes s\u00e5 brugervenligt, intiuitivt og praksisn\u00e6rt som muligt. I Digital Eksamen kan der justeres p\u00e5 fx afleveringsformater, gruppeafleveringer, anonymitet og tilg\u00e6ngelige ressourcer.<\/p>\n\n\n\n<p><strong>For bed\u00f8mmerne <\/strong>er det vigtigt at platformen underst\u00f8tter de forskellige n\u00f8dvendige eksamensformer, s\u00e5ledes at afpr\u00f8vningen af de studerende sker p\u00e5 fagets pr\u00e6misser. I Digital Eksamen kan bed\u00f8mmere lave annoteringer, uploade noter, afgive karakterer, give feedback mv.<\/p>\n\n\n\n<p><strong>For de studerende<\/strong> er enkeltheden i fokus, s\u00e5ledes at fejlhandlinger og misforst\u00e5elser minimeres. Den studerende underst\u00f8ttes tydeligt i sit arbejde mod afleveringen og modtager kvittering b\u00e5de p\u00e5 sk\u00e6rm og mail.<\/p>\n\n\n\n<p>L\u00e6s mere om Digital Eksamen<a href=\"https:\/\/digitaleksamen.arcanic.dk\/\" data-type=\"link\" data-id=\"https:\/\/digitaleksamen.arcanic.dk\/\"> her<\/a><\/p>\n<\/div>\n\n\n\n<div class=\"wp-block-column is-layout-flow wp-block-column-is-layout-flow\" style=\"flex-basis:33.33%\"><\/div>\n<\/div>\n\n\n\n<article class=\"wp-block-cgb-block-contact-cta contact-cta__block\"><p class=\"contact-cta__info\">For mere information kontakt <span>Arvid Klein Gregersen<\/span> p\u00e5 <a href=\"mailto:arig@arcanic.dk\" class=\"contact-cta__mail\">arig@arcanic.dk<\/a><\/p><\/article>\n\n\n\n<p><\/p>\n","protected":false},"excerpt":{"rendered":"<p>underst\u00f8tter eksamensprocessen fra den f\u00f8des i det studieadministrative system, til ops\u00e6tning, aflevering og  bed\u00f8mmelse er afgivet<\/p>\n","protected":false},"author":2,"featured_media":0,"parent":58,"menu_order":0,"comment_status":"closed","ping_status":"closed","template":"page-product.php","meta":{"footnotes":""},"class_list":["post-62","page","type-page","status-publish","hentry"],"featured_image_urls_v2":{"full":"","thumbnail":"","medium":"","medium_large":"","large":"","1536x1536":"","2048x2048":""},"post_excerpt_stackable_v2":"<p>underst\u00f8tter eksamensprocessen fra den f\u00f8des i det studieadministrative system, til ops\u00e6tning, aflevering og  bed\u00f8mmelse er afgivet<\/p>\n","category_list_v2":"","author_info_v2":{"name":"Berit Cecilie Brix","url":"https:\/\/www.arcanic.dk\/index.php\/author\/bcbrix\/"},"comments_num_v2":"0 comments","_links":{"self":[{"href":"https:\/\/www.arcanic.dk\/index.php\/wp-json\/wp\/v2\/pages\/62","targetHints":{"allow":["GET"]}}],"collection":[{"href":"https:\/\/www.arcanic.dk\/index.php\/wp-json\/wp\/v2\/pages"}],"about":[{"href":"https:\/\/www.arcanic.dk\/index.php\/wp-json\/wp\/v2\/types\/page"}],"author":[{"embeddable":true,"href":"https:\/\/www.arcanic.dk\/index.php\/wp-json\/wp\/v2\/users\/2"}],"replies":[{"embeddable":true,"href":"https:\/\/www.arcanic.dk\/index.php\/wp-json\/wp\/v2\/comments?post=62"}],"version-history":[{"count":58,"href":"https:\/\/www.arcanic.dk\/index.php\/wp-json\/wp\/v2\/pages\/62\/revisions"}],"predecessor-version":[{"id":901,"href":"https:\/\/www.arcanic.dk\/index.php\/wp-json\/wp\/v2\/pages\/62\/revisions\/901"}],"up":[{"embeddable":true,"href":"https:\/\/www.arcanic.dk\/index.php\/wp-json\/wp\/v2\/pages\/58"}],"wp:attachment":[{"href":"https:\/\/www.arcanic.dk\/index.php\/wp-json\/wp\/v2\/media?parent=62"}],"curies":[{"name":"wp","href":"https:\/\/api.w.org\/{rel}","templated":true}]}}