{"id":65,"date":"2019-11-25T14:16:35","date_gmt":"2019-11-25T14:16:35","guid":{"rendered":"http:\/\/wpadmin\/?page_id=65"},"modified":"2020-06-24T06:45:25","modified_gmt":"2020-06-24T05:45:25","slug":"merit","status":"publish","type":"page","link":"https:\/\/www.arcanic.dk\/index.php\/losninger\/merit\/","title":{"rendered":"Merit"},"content":{"rendered":"\n<p>Modulet underst\u00f8tter p\u00e5 en sikker og enkel m\u00e5de arbejdsflow og processerne for meritans\u00f8gninger b\u00e5de for administratorer\/fagansvarlige og de studerede. <\/p>\n\n\n\n<p>Modulet anvendes fx p\u00e5 DTU, CBS og K\u00f8benhavns Professionsh\u00f8jskole og kan tilpasses s\u00e5 det matcher institutionens behov, interessenter og arbejdsprocesser.<\/p>\n\n\n\n<p><strong>For sagsbehandlerne\/fagansvarlige <\/strong>betyder dette bl.a.<\/p>\n\n\n\n<ul class=\"wp-block-list\"><li>overblik over indkomne ans\u00f8gninger og tidligere afg\u00f8relser<\/li><li>nem deling af sager mellem sagsbehandlere og fagansvarlige<\/li><li>mulighed for at redigere ans\u00f8gning for ans\u00f8ger i tilf\u00e6lde af fejl og mangler <\/li><li>mulighed for at videresende dele af meritans\u00f8gning til relevante fagansvarlige<\/li><\/ul>\n\n\n\n<p><strong>For studerende<\/strong> betyder dette bl.a.<\/p>\n\n\n\n<ul class=\"wp-block-list\"><li>enkel ans\u00f8gningsproces for forskellige merittyper (f\u00f8r-start, forh\u00e5nd og endelig merit)<\/li><li>feedback fra sagsbehandlere undervejs i processen (fx fejl og mangler i ans\u00f8gningen)<\/li><li>overblik over igangv\u00e6rende og tidligere ans\u00f8gninger<\/li><\/ul>\n\n\n\n<pre class=\"wp-block-preformatted\"> For mere information kontakt Berit Cecilie Brix p\u00e5 bcbrix@arcanic.dk<\/pre>\n","protected":false},"excerpt":{"rendered":"<p>underst\u00f8tter arbejdsflow og processer for meritans\u00f8gninger for administratorer, studien\u00e6vn og andre fagansvarlige s\u00e5vel som de studerende.<\/p>\n","protected":false},"author":2,"featured_media":0,"parent":58,"menu_order":0,"comment_status":"closed","ping_status":"closed","template":"","meta":{"footnotes":""},"class_list":["post-65","page","type-page","status-publish","hentry"],"featured_image_urls_v2":{"full":"","thumbnail":"","medium":"","medium_large":"","large":"","1536x1536":"","2048x2048":""},"post_excerpt_stackable_v2":"<p>underst\u00f8tter arbejdsflow og processer for meritans\u00f8gninger for administratorer, studien\u00e6vn og andre fagansvarlige s\u00e5vel som de studerende.<\/p>\n","category_list_v2":"","author_info_v2":{"name":"Berit Cecilie Brix","url":"https:\/\/www.arcanic.dk\/index.php\/author\/bcbrix\/"},"comments_num_v2":"0 comments","_links":{"self":[{"href":"https:\/\/www.arcanic.dk\/index.php\/wp-json\/wp\/v2\/pages\/65","targetHints":{"allow":["GET"]}}],"collection":[{"href":"https:\/\/www.arcanic.dk\/index.php\/wp-json\/wp\/v2\/pages"}],"about":[{"href":"https:\/\/www.arcanic.dk\/index.php\/wp-json\/wp\/v2\/types\/page"}],"author":[{"embeddable":true,"href":"https:\/\/www.arcanic.dk\/index.php\/wp-json\/wp\/v2\/users\/2"}],"replies":[{"embeddable":true,"href":"https:\/\/www.arcanic.dk\/index.php\/wp-json\/wp\/v2\/comments?post=65"}],"version-history":[{"count":10,"href":"https:\/\/www.arcanic.dk\/index.php\/wp-json\/wp\/v2\/pages\/65\/revisions"}],"predecessor-version":[{"id":846,"href":"https:\/\/www.arcanic.dk\/index.php\/wp-json\/wp\/v2\/pages\/65\/revisions\/846"}],"up":[{"embeddable":true,"href":"https:\/\/www.arcanic.dk\/index.php\/wp-json\/wp\/v2\/pages\/58"}],"wp:attachment":[{"href":"https:\/\/www.arcanic.dk\/index.php\/wp-json\/wp\/v2\/media?parent=65"}],"curies":[{"name":"wp","href":"https:\/\/api.w.org\/{rel}","templated":true}]}}