{"id":68,"date":"2019-11-26T07:51:17","date_gmt":"2019-11-26T07:51:17","guid":{"rendered":"http:\/\/wpadmin\/?page_id=68"},"modified":"2023-11-09T08:02:17","modified_gmt":"2023-11-09T07:02:17","slug":"dispensation","status":"publish","type":"page","link":"https:\/\/www.arcanic.dk\/index.php\/losninger\/dispensation\/","title":{"rendered":"Dispensation"},"content":{"rendered":"\n<p>Modulet underst\u00f8tter p\u00e5 en sikker og enkel m\u00e5de arbejdsflow og processerne for dispensationsans\u00f8gninger b\u00e5de for administratorer\/fagansvarlige og de studerede.<\/p>\n\n\n\n<p>Modulet sikrer at ingen sager glemmes i kraft af notifikationer og visuel angivelse af <\/p>\n\n\n\n<p>Modulet anvendes fx p\u00e5 DTU og CBS og kan tilpasses s\u00e5 det matcher institutionens behov, interessenter og arbejdsprocesser.<\/p>\n\n\n\n<p><strong>For sagsbehandlerne\/fagansvarlige&nbsp;<\/strong>betyder dette bl.a.<\/p>\n\n\n\n<ul class=\"wp-block-list\">\n<li>overblik over indkomne ans\u00f8gninger og tidligere afg\u00f8relser<\/li>\n\n\n\n<li>nem deling af sager mellem sagsbehandlere og fagansvarlige<\/li>\n\n\n\n<li>mulighed for at redigere ans\u00f8gning for ans\u00f8ger i tilf\u00e6lde af fejl og mangler<\/li>\n\n\n\n<li>mulighed for at videresende til relevante udvalg\/fagansvarlige<\/li>\n\n\n\n<li>smart m\u00e5de at danne afg\u00f8relsesbreve uden nogen tekstbehandling (brevflet ift. type\/afg\u00f8relse\/stamdata mm.)<\/li>\n<\/ul>\n\n\n\n<p><strong>For studerende<\/strong>&nbsp;betyder dette bl.a.<\/p>\n\n\n\n<ul class=\"wp-block-list\">\n<li>enkel ans\u00f8gningsproces for forskellige merittyper (f\u00f8r-start, forh\u00e5nd og endelig merit)<\/li>\n\n\n\n<li>feedback fra sagsbehandlere undervejs i processen (fx fejl og mangler i ans\u00f8gningen)<\/li>\n\n\n\n<li>overblik over igangv\u00e6rende ans\u00f8gninger og tidligere afg\u00f8relser<\/li>\n\n\n\n<li>simpel klageproces<\/li>\n<\/ul>\n\n\n\n<p>Systemet vil desuden <\/p>\n\n\n\n<ul class=\"wp-block-list\">\n<li>l\u00f8fte ift. juridiske krav til sagsbehandling herunder GDPR (persondata)<\/li>\n\n\n\n<li>arkivere afg\u00f8relser direkte til institutionens ESDH-system<\/li>\n\n\n\n<li>effektuere \u00e6ndringer, fx tilf\u00f8jelse af orlovs-periode, direkte i institutionens SIS (STADS, esas eller lignende)<\/li>\n<\/ul>\n\n\n\n<pre class=\"wp-block-preformatted\"> For mere information kontakt Berit Cecilie Brix p\u00e5 bcbrix@arcanic.dk<\/pre>\n\n\n\n<p><\/p>\n","protected":false},"excerpt":{"rendered":"<p>underst\u00f8tter arbejdsflow og processer for dispensationsans\u00f8gninger for administratorer, studien\u00e6vn og andre fagansvarlige s\u00e5vel som de studerende.<\/p>\n","protected":false},"author":2,"featured_media":0,"parent":58,"menu_order":0,"comment_status":"closed","ping_status":"closed","template":"","meta":{"footnotes":""},"class_list":["post-68","page","type-page","status-publish","hentry"],"featured_image_urls_v2":{"full":"","thumbnail":"","medium":"","medium_large":"","large":"","1536x1536":"","2048x2048":""},"post_excerpt_stackable_v2":"<p>underst\u00f8tter arbejdsflow og processer for dispensationsans\u00f8gninger for administratorer, studien\u00e6vn og andre fagansvarlige s\u00e5vel som de studerende.<\/p>\n","category_list_v2":"","author_info_v2":{"name":"Berit Cecilie Brix","url":"https:\/\/www.arcanic.dk\/index.php\/author\/bcbrix\/"},"comments_num_v2":"0 comments","_links":{"self":[{"href":"https:\/\/www.arcanic.dk\/index.php\/wp-json\/wp\/v2\/pages\/68","targetHints":{"allow":["GET"]}}],"collection":[{"href":"https:\/\/www.arcanic.dk\/index.php\/wp-json\/wp\/v2\/pages"}],"about":[{"href":"https:\/\/www.arcanic.dk\/index.php\/wp-json\/wp\/v2\/types\/page"}],"author":[{"embeddable":true,"href":"https:\/\/www.arcanic.dk\/index.php\/wp-json\/wp\/v2\/users\/2"}],"replies":[{"embeddable":true,"href":"https:\/\/www.arcanic.dk\/index.php\/wp-json\/wp\/v2\/comments?post=68"}],"version-history":[{"count":12,"href":"https:\/\/www.arcanic.dk\/index.php\/wp-json\/wp\/v2\/pages\/68\/revisions"}],"predecessor-version":[{"id":905,"href":"https:\/\/www.arcanic.dk\/index.php\/wp-json\/wp\/v2\/pages\/68\/revisions\/905"}],"up":[{"embeddable":true,"href":"https:\/\/www.arcanic.dk\/index.php\/wp-json\/wp\/v2\/pages\/58"}],"wp:attachment":[{"href":"https:\/\/www.arcanic.dk\/index.php\/wp-json\/wp\/v2\/media?parent=68"}],"curies":[{"name":"wp","href":"https:\/\/api.w.org\/{rel}","templated":true}]}}