{"id":74,"date":"2019-11-26T07:51:59","date_gmt":"2019-11-26T07:51:59","guid":{"rendered":"http:\/\/wpadmin\/?page_id=74"},"modified":"2020-06-24T06:47:14","modified_gmt":"2020-06-24T05:47:14","slug":"evaluering","status":"publish","type":"page","link":"https:\/\/www.arcanic.dk\/index.php\/losninger\/evaluering\/","title":{"rendered":"Evaluering"},"content":{"rendered":"\n<p>Modulet underst\u00f8tter sikkert og effektivt evalueringer af kurser og eksamener og sikrer samtidigt en h\u00f8j kvalitet og god svarprocent.<\/p>\n\n\n\n<p>Modulet kan integreres med uddannelsesinsitutionens respektive administrative systemer, Learning Management Systemer (LMS) og\/eller kursuskataloger og f\u00f8des p\u00e5 denne m\u00e5de med relevante data. Dette betyder, at evalueringer kan oprettes og afvikles med en h\u00f8j grad af automatik.<\/p>\n\n\n\n<p>Derudover er der en skarp styring af roller og rettigheder, som sikrer at data og resultater fra specfikke evalueringsskemaer kun vises for relevante brugere og ledelseslag.<\/p>\n\n\n\n<p>Modulet er udviklet i samarbejde med bl.a DTU, KU og K\u00f8benhavns Professionsh\u00f8jskole og er dermed n\u00f8je rettet mod uddannelsessektoren.<\/p>\n\n\n\n<p><strong>For undervisere<\/strong> kan f\u00f8lgende fremh\u00e6ves<\/p>\n\n\n\n<ul class=\"wp-block-list\"><li>mulighed for at tilf\u00f8je egne skemaer med sp\u00f8rgsm\u00e5l til de automatisk oprettede skemaer<\/li><li>afg\u00f8re hvem som adgang til resultaterne af egne skemaer<\/li><li>&#8220;go&#8221;-funktion, s\u00e5 underviseren kan afvikle evalueringen som en del af undervisningen  <\/li><li>Intuitiv visning af resultater <\/li><li>s\u00f8gning og sammenligning p\u00e5 tv\u00e6rs af evalueringer (som hun har adgang til)<\/li><li>notefunktion til evalueringsresultaterne<\/li><\/ul>\n\n\n\n<p><strong>For studerende <\/strong>kan f\u00f8lgende fremh\u00e6ves<\/p>\n\n\n\n<ul class=\"wp-block-list\"><li>enkel tilgang til evalueringer fx via LMS eller SMS<\/li><li>oversigtsside med adgang til tidligere evalueringer<\/li><li>notifikationsmail <\/li><li>mobilvenlig afvikling<\/li><li>adgang til undervisernoter<\/li><\/ul>\n\n\n\n<pre class=\"wp-block-preformatted\"> For mere information kontakt Anne Oddershede Larsen aola@arcanic.dk<\/pre>\n","protected":false},"excerpt":{"rendered":"<p>underst\u00f8tter administration og distribution af evalueringer for undervisning og eksamener.<\/p>\n","protected":false},"author":2,"featured_media":0,"parent":58,"menu_order":0,"comment_status":"closed","ping_status":"closed","template":"","meta":{"footnotes":""},"class_list":["post-74","page","type-page","status-publish","hentry"],"featured_image_urls_v2":{"full":"","thumbnail":"","medium":"","medium_large":"","large":"","1536x1536":"","2048x2048":""},"post_excerpt_stackable_v2":"<p>underst\u00f8tter administration og distribution af evalueringer for undervisning og eksamener.<\/p>\n","category_list_v2":"","author_info_v2":{"name":"Berit Cecilie Brix","url":"https:\/\/www.arcanic.dk\/index.php\/author\/bcbrix\/"},"comments_num_v2":"0 comments","_links":{"self":[{"href":"https:\/\/www.arcanic.dk\/index.php\/wp-json\/wp\/v2\/pages\/74","targetHints":{"allow":["GET"]}}],"collection":[{"href":"https:\/\/www.arcanic.dk\/index.php\/wp-json\/wp\/v2\/pages"}],"about":[{"href":"https:\/\/www.arcanic.dk\/index.php\/wp-json\/wp\/v2\/types\/page"}],"author":[{"embeddable":true,"href":"https:\/\/www.arcanic.dk\/index.php\/wp-json\/wp\/v2\/users\/2"}],"replies":[{"embeddable":true,"href":"https:\/\/www.arcanic.dk\/index.php\/wp-json\/wp\/v2\/comments?post=74"}],"version-history":[{"count":13,"href":"https:\/\/www.arcanic.dk\/index.php\/wp-json\/wp\/v2\/pages\/74\/revisions"}],"predecessor-version":[{"id":615,"href":"https:\/\/www.arcanic.dk\/index.php\/wp-json\/wp\/v2\/pages\/74\/revisions\/615"}],"up":[{"embeddable":true,"href":"https:\/\/www.arcanic.dk\/index.php\/wp-json\/wp\/v2\/pages\/58"}],"wp:attachment":[{"href":"https:\/\/www.arcanic.dk\/index.php\/wp-json\/wp\/v2\/media?parent=74"}],"curies":[{"name":"wp","href":"https:\/\/api.w.org\/{rel}","templated":true}]}}