{"id":742,"date":"2021-04-26T08:42:33","date_gmt":"2021-04-26T07:42:33","guid":{"rendered":"https:\/\/www.arcanic.dk\/?page_id=742"},"modified":"2021-04-26T08:42:34","modified_gmt":"2021-04-26T07:42:34","slug":"find-vej-til-arcanic","status":"publish","type":"page","link":"https:\/\/www.arcanic.dk\/index.php\/find-vej-til-arcanic\/","title":{"rendered":"Find vej til Arcanic"},"content":{"rendered":"\n<p>Addresse:<br>Diplomvej 373, 2. sal<br>2800 Kgs. Lyngby<\/p>\n\n\n\n<p>Link til google maps: <a href=\"https:\/\/goo.gl\/maps\/9d7NQAxbagRhS5ot8\">https:\/\/goo.gl\/maps\/9d7NQAxbagRhS5ot8<\/a><\/p>\n\n\n\n<p>Parkering kan foretages vest for bygning 373 i &#8220;g\u00e5rden&#8221; foran Riccos (3 timer max) eller \u00f8st for bygning 373 ved vandv\u00e6rket.<\/p>\n\n\n\n<p>Som vist med de to r\u00f8de pile er det muligt at komme ind fra vest-siden eller \u00f8st-siden af bygning 373. N\u00e5r du er kommet ind i bygning 373, skal du g\u00e5 op p\u00e5 2. sal (helt op) og finde den sydvendte d\u00f8r, hvor der h\u00e6nger en ringeklokke hvorp\u00e5 der st\u00e5r \u201dArcanic A\/S\u201d.<\/p>\n\n\n\n<figure class=\"wp-block-image size-large\"><img loading=\"lazy\" decoding=\"async\" width=\"944\" height=\"866\" src=\"https:\/\/www.arcanic.dk\/wp-content\/uploads\/2021\/04\/kort_arcanic-2.png\" alt=\"\" class=\"wp-image-749\" srcset=\"https:\/\/www.arcanic.dk\/wp-content\/uploads\/2021\/04\/kort_arcanic-2.png 944w, https:\/\/www.arcanic.dk\/wp-content\/uploads\/2021\/04\/kort_arcanic-2-300x275.png 300w, https:\/\/www.arcanic.dk\/wp-content\/uploads\/2021\/04\/kort_arcanic-2-768x705.png 768w\" sizes=\"auto, (max-width: 944px) 100vw, 944px\" \/><\/figure>\n","protected":false},"excerpt":{"rendered":"<p>Addresse:Diplomvej 373, 2. sal2800 Kgs. Lyngby Link til google maps: https:\/\/goo.gl\/maps\/9d7NQAxbagRhS5ot8 Parkering kan foretages vest for bygning 373 i &#8220;g\u00e5rden&#8221; foran Riccos (3 timer max) eller \u00f8st for bygning 373 ved vandv\u00e6rket. Som vist med de to r\u00f8de pile er det muligt at komme ind fra vest-siden eller \u00f8st-siden af bygning 373. N\u00e5r du er [&hellip;]<\/p>\n","protected":false},"author":1,"featured_media":0,"parent":0,"menu_order":0,"comment_status":"closed","ping_status":"closed","template":"","meta":{"footnotes":""},"class_list":["post-742","page","type-page","status-publish","hentry"],"featured_image_urls_v2":{"full":"","thumbnail":"","medium":"","medium_large":"","large":"","1536x1536":"","2048x2048":""},"post_excerpt_stackable_v2":"<p>Addresse:Diplomvej 373, 2. sal2800 Kgs. Lyngby Link til google maps: https:\/\/goo.gl\/maps\/9d7NQAxbagRhS5ot8 Parkering kan foretages vest for bygning 373 i &#8220;g\u00e5rden&#8221; foran Riccos (3 timer max) eller \u00f8st for bygning 373 ved vandv\u00e6rket. Som vist med de to r\u00f8de pile er det muligt at komme ind fra vest-siden eller \u00f8st-siden af bygning 373. N\u00e5r du er kommet ind i bygning 373, skal du g\u00e5 op p\u00e5 2. sal (helt op) og finde den sydvendte d\u00f8r, hvor der h\u00e6nger en ringeklokke hvorp\u00e5 der st\u00e5r \u201dArcanic A\/S\u201d.<\/p>\n","category_list_v2":"","author_info_v2":{"name":"zlmr","url":"https:\/\/www.arcanic.dk\/index.php\/author\/zlmr\/"},"comments_num_v2":"0 comments","_links":{"self":[{"href":"https:\/\/www.arcanic.dk\/index.php\/wp-json\/wp\/v2\/pages\/742","targetHints":{"allow":["GET"]}}],"collection":[{"href":"https:\/\/www.arcanic.dk\/index.php\/wp-json\/wp\/v2\/pages"}],"about":[{"href":"https:\/\/www.arcanic.dk\/index.php\/wp-json\/wp\/v2\/types\/page"}],"author":[{"embeddable":true,"href":"https:\/\/www.arcanic.dk\/index.php\/wp-json\/wp\/v2\/users\/1"}],"replies":[{"embeddable":true,"href":"https:\/\/www.arcanic.dk\/index.php\/wp-json\/wp\/v2\/comments?post=742"}],"version-history":[{"count":3,"href":"https:\/\/www.arcanic.dk\/index.php\/wp-json\/wp\/v2\/pages\/742\/revisions"}],"predecessor-version":[{"id":750,"href":"https:\/\/www.arcanic.dk\/index.php\/wp-json\/wp\/v2\/pages\/742\/revisions\/750"}],"wp:attachment":[{"href":"https:\/\/www.arcanic.dk\/index.php\/wp-json\/wp\/v2\/media?parent=742"}],"curies":[{"name":"wp","href":"https:\/\/api.w.org\/{rel}","templated":true}]}}