{"id":765,"date":"2022-03-07T14:36:50","date_gmt":"2022-03-07T13:36:50","guid":{"rendered":"https:\/\/www.arcanic.dk\/?page_id=765"},"modified":"2022-03-08T08:47:53","modified_gmt":"2022-03-08T07:47:53","slug":"analytics-med-matomo","status":"publish","type":"page","link":"https:\/\/www.arcanic.dk\/index.php\/losninger\/analytics-med-matomo\/","title":{"rendered":"Matomo Analytics \u2013 en GDPR-sikret l\u00f8sning"},"content":{"rendered":"\n<p>Google analytics fremtid som v\u00e6rkt\u00f8j p\u00e5 offentlige sites er mildest talt usikker efter at b\u00e5de Frankrig og \u00d8strig har d\u00f8mt tjenesten ulovlig af GDPR-hensyn. Arcanic tilbyder et alternativ til Google Analytics i form af en Matomo Analytics installation, som bliver hosted af Arcanic hos i2 i Lyngby.<\/p>\n\n\n\n<p>Version2 skriver:<\/p>\n\n\n\n<blockquote class=\"wp-block-quote is-layout-flow wp-block-quote-is-layout-flow\"><p><em>Selvom der fortsat er stille fra Datatilsynet, har flere eksperter i persondataret v\u00e6ret ude og varsle, at Google Analytics fremtid i Danmark sandsynligvis h\u00e6nger i en tynd tr\u00e5d, efter Frankrig har bakket op om \u00d8strigs udmelding.<\/em><\/p><cite><a href=\"https:\/\/www.version2.dk\/artikel\/justitsministeriet-fjerner-ulovlige-google-analytics-sin-hjemmeside-1094320\">https:\/\/www.version2.dk\/artikel\/justitsministeriet-fjerner-ulovlige-google-analytics-sin-hjemmeside-1094320<\/a><\/cite><\/blockquote>\n\n\n\n<p><\/p>\n\n\n\n<p>Vil du v\u00e6re sikker p\u00e5 at jeres analyse af trafikken p\u00e5 jeres sites lever op til GDPR, kan du med fordel skifte til Matomo Analytics.<\/p>\n\n\n\n<p>Pr\u00f8v eventuelt Matomo p\u00e5 demo-sitet:&nbsp;<a href=\"https:\/\/demo.matomo.cloud\/\">https:\/\/demo.matomo.cloud\/<\/a><\/p>\n\n\n\n<p>Tag gerne fat i Anne Oddershede Larsen p\u00e5 mail <a href=\"mailto:aola@arcanic.dk\">aola@arcanic.dk<\/a> eller telefon&nbsp;<a href=\"tel:+45%2045%2025%2073%2071\">45 25 73 71<\/a>&nbsp;hvis du er interesseret i at h\u00f8re n\u00e6rmere.<\/p>\n\n\n\n<p><\/p>\n","protected":false},"excerpt":{"rendered":"<p>alternativ til Google Analytics, som hostes af Arcanic i Lyngby<\/p>\n","protected":false},"author":1,"featured_media":0,"parent":58,"menu_order":18,"comment_status":"closed","ping_status":"closed","template":"page-product.php","meta":{"footnotes":""},"class_list":["post-765","page","type-page","status-publish","hentry"],"featured_image_urls_v2":{"full":"","thumbnail":"","medium":"","medium_large":"","large":"","1536x1536":"","2048x2048":""},"post_excerpt_stackable_v2":"<p>alternativ til Google Analytics, som hostes af Arcanic i Lyngby<\/p>\n","category_list_v2":"","author_info_v2":{"name":"zlmr","url":"https:\/\/www.arcanic.dk\/index.php\/author\/zlmr\/"},"comments_num_v2":"0 comments","_links":{"self":[{"href":"https:\/\/www.arcanic.dk\/index.php\/wp-json\/wp\/v2\/pages\/765","targetHints":{"allow":["GET"]}}],"collection":[{"href":"https:\/\/www.arcanic.dk\/index.php\/wp-json\/wp\/v2\/pages"}],"about":[{"href":"https:\/\/www.arcanic.dk\/index.php\/wp-json\/wp\/v2\/types\/page"}],"author":[{"embeddable":true,"href":"https:\/\/www.arcanic.dk\/index.php\/wp-json\/wp\/v2\/users\/1"}],"replies":[{"embeddable":true,"href":"https:\/\/www.arcanic.dk\/index.php\/wp-json\/wp\/v2\/comments?post=765"}],"version-history":[{"count":5,"href":"https:\/\/www.arcanic.dk\/index.php\/wp-json\/wp\/v2\/pages\/765\/revisions"}],"predecessor-version":[{"id":775,"href":"https:\/\/www.arcanic.dk\/index.php\/wp-json\/wp\/v2\/pages\/765\/revisions\/775"}],"up":[{"embeddable":true,"href":"https:\/\/www.arcanic.dk\/index.php\/wp-json\/wp\/v2\/pages\/58"}],"wp:attachment":[{"href":"https:\/\/www.arcanic.dk\/index.php\/wp-json\/wp\/v2\/media?parent=765"}],"curies":[{"name":"wp","href":"https:\/\/api.w.org\/{rel}","templated":true}]}}