{"id":851,"date":"2022-09-19T12:43:49","date_gmt":"2022-09-19T11:43:49","guid":{"rendered":"https:\/\/www.arcanic.dk\/?page_id=851"},"modified":"2024-10-14T10:08:10","modified_gmt":"2024-10-14T09:08:10","slug":"eksamenssnyd","status":"publish","type":"page","link":"https:\/\/www.arcanic.dk\/index.php\/losninger\/eksamenssnyd\/","title":{"rendered":"Eksamenssnyd"},"content":{"rendered":"\n<p>Eksamenssnyd er et system til indberetning af formodet eksamenssnyd og kan erstatte emails\/funktionspostkasser og i h\u00f8j grad effektivisere  sagsbehandlingen.<\/p>\n\n\n\n<p>I korte tr\u00e6k underst\u00f8tter systemet kommunikationen og dokumentation mellem relevante interessenter i sager om eksamenssnyd.<\/p>\n\n\n\n<p><\/p>\n\n\n\n<ul class=\"wp-block-list\">\n<li>Kursusansvarlig eller en medunderviser\/medadministrator opretter sag i systemet om formodet eksamenssnyd<\/li>\n\n\n\n<li>Sagen sendes videre til administrationen, som kan bede om eller tilf\u00f8je yderligere information\/dokumentation<\/li>\n\n\n\n<li>Sagen sendes videre til de(n) implicerede studerende, som kan afgive partsh\u00f8ring<\/li>\n\n\n\n<li>Efter eventuel yderligere h\u00f8ring hos \u00f8vrige interessenter tr\u00e6ffes en afg\u00f8relse af administrationen<\/li>\n<\/ul>\n\n\n\n<p>Systemet kan ops\u00e6ttes med \u00f8nskede statusangivelser og notifikationer, som sikrer at sager ikke glemmes eller falder mellem to stole<span style=\"font-size: revert; color: initial;\">rkivere afg\u00f8relser direkte til institutionens ESDH-systemeffektuere \u00e6ndringer, fx tilf\u00f8jelse af orlovs-periode, direkte i institutionens SIS (STADS, esas eller lignende)<\/span> <\/p>\n\n\n\n<p><br><\/p>\n\n\n\n<pre class=\"wp-block-preformatted\"> For mere information kontakt Lars Kampp Zilmer p\u00e5 zlmr@arcanic.dk<\/pre>\n","protected":false},"excerpt":{"rendered":"<p>underst\u00f8tter indberetning af formodet eksamenssnyd og kan erstatte emails\/funktionspostkasser og i h\u00f8j grad effektivisere  sagsbehandlingen<\/p>\n","protected":false},"author":2,"featured_media":0,"parent":58,"menu_order":0,"comment_status":"closed","ping_status":"closed","template":"","meta":{"footnotes":""},"class_list":["post-851","page","type-page","status-publish","hentry"],"featured_image_urls_v2":{"full":"","thumbnail":"","medium":"","medium_large":"","large":"","1536x1536":"","2048x2048":""},"post_excerpt_stackable_v2":"<p>underst\u00f8tter indberetning af formodet eksamenssnyd og kan erstatte emails\/funktionspostkasser og i h\u00f8j grad effektivisere  sagsbehandlingen<\/p>\n","category_list_v2":"","author_info_v2":{"name":"Berit Cecilie Brix","url":"https:\/\/www.arcanic.dk\/index.php\/author\/bcbrix\/"},"comments_num_v2":"0 comments","_links":{"self":[{"href":"https:\/\/www.arcanic.dk\/index.php\/wp-json\/wp\/v2\/pages\/851","targetHints":{"allow":["GET"]}}],"collection":[{"href":"https:\/\/www.arcanic.dk\/index.php\/wp-json\/wp\/v2\/pages"}],"about":[{"href":"https:\/\/www.arcanic.dk\/index.php\/wp-json\/wp\/v2\/types\/page"}],"author":[{"embeddable":true,"href":"https:\/\/www.arcanic.dk\/index.php\/wp-json\/wp\/v2\/users\/2"}],"replies":[{"embeddable":true,"href":"https:\/\/www.arcanic.dk\/index.php\/wp-json\/wp\/v2\/comments?post=851"}],"version-history":[{"count":7,"href":"https:\/\/www.arcanic.dk\/index.php\/wp-json\/wp\/v2\/pages\/851\/revisions"}],"predecessor-version":[{"id":965,"href":"https:\/\/www.arcanic.dk\/index.php\/wp-json\/wp\/v2\/pages\/851\/revisions\/965"}],"up":[{"embeddable":true,"href":"https:\/\/www.arcanic.dk\/index.php\/wp-json\/wp\/v2\/pages\/58"}],"wp:attachment":[{"href":"https:\/\/www.arcanic.dk\/index.php\/wp-json\/wp\/v2\/media?parent=851"}],"curies":[{"name":"wp","href":"https:\/\/api.w.org\/{rel}","templated":true}]}}