{"id":865,"date":"2023-02-07T15:55:33","date_gmt":"2023-02-07T14:55:33","guid":{"rendered":"https:\/\/www.arcanic.dk\/?page_id=865"},"modified":"2023-02-07T16:05:28","modified_gmt":"2023-02-07T15:05:28","slug":"studiegrupper-my-study-group","status":"publish","type":"page","link":"https:\/\/www.arcanic.dk\/index.php\/losninger\/studiegrupper-my-study-group\/","title":{"rendered":"Studiegrupper &#8211; My Study Group"},"content":{"rendered":"\n<p>V\u00e6rkt\u00f8jet underst\u00f8tter dannelsen af studiegrupper og er nemt at integrere med institutionens LMS-system, da det underst\u00f8tte LTI-standarden.<\/p>\n\n\n\n<p><strong>For underviserne<\/strong> er det en simpel m\u00e5de at underst\u00f8tte gruppedannelsen p\u00e5 undervisningsforl\u00f8bet uden selv at blive tovholder for oprettelse, justeringer og opsplitning af grupper. Det kr\u00e6ver under 10 klik at:<\/p>\n\n\n\n<ul class=\"wp-block-list\"><li>s\u00e6tte gruppedannelsesprocessen er sat i gang med udsendelse af sp\u00f8rgeskema,<\/li><li>bede v\u00e6rkt\u00f8jet om at danne grupper via den indbyggede algoritme og<\/li><li>udsende besked om de dannede grupper til de studerende<\/li><\/ul>\n\n\n\n<p>Studerende der i f\u00f8rste omgang ikke n\u00e5ede at svare p\u00e5 sp\u00f8rgsm\u00e5lene til gruppedeling kan selv anmode om at indg\u00e5 i oprettede grupper og ellers kan underviser tildele dem gruppemedlemskaber.<\/p>\n\n\n\n<p><\/p>\n\n\n\n<p><strong>For studerende<\/strong> er v\u00e6rkt\u00f8jet simpelt at arbejde med og de dannede studiegrupper kan skabe et grundlag for et godt studieliv med h\u00f8j trivsel. <\/p>\n\n\n\n<p><strong>Gruppedelingsalgoritmen <\/strong>er baseret p\u00e5 at de studerende svarer simple sp\u00f8rgsm\u00e5l. Studerende, der svarer ensartet p\u00e5 de tre sp\u00f8rgsm\u00e5l bliver sat sammen i grupper. Algoritmen er baseret p\u00e5 forskning om studiegrupper, der viser at meget komplekse algoritmer baseret p\u00e5 personlighedstyper mm. ofte overser at velfungerende studiegrupper er baseret p\u00e5 langt mere primitive elementer, som addresseres ved de tre sp\u00f8rgsm\u00e5l.<\/p>\n\n\n\n<p><\/p>\n","protected":false},"excerpt":{"rendered":"<p>underst\u00f8tter dannelsen af studiegrupper og er nemt at integrere med institutionens LMS-system, da det underst\u00f8tte LTI-standarden<\/p>\n","protected":false},"author":1,"featured_media":0,"parent":58,"menu_order":199,"comment_status":"closed","ping_status":"closed","template":"","meta":{"footnotes":""},"class_list":["post-865","page","type-page","status-publish","hentry"],"featured_image_urls_v2":{"full":"","thumbnail":"","medium":"","medium_large":"","large":"","1536x1536":"","2048x2048":""},"post_excerpt_stackable_v2":"<p>underst\u00f8tter dannelsen af studiegrupper og er nemt at integrere med institutionens LMS-system, da det underst\u00f8tte LTI-standarden<\/p>\n","category_list_v2":"","author_info_v2":{"name":"zlmr","url":"https:\/\/www.arcanic.dk\/index.php\/author\/zlmr\/"},"comments_num_v2":"0 comments","_links":{"self":[{"href":"https:\/\/www.arcanic.dk\/index.php\/wp-json\/wp\/v2\/pages\/865","targetHints":{"allow":["GET"]}}],"collection":[{"href":"https:\/\/www.arcanic.dk\/index.php\/wp-json\/wp\/v2\/pages"}],"about":[{"href":"https:\/\/www.arcanic.dk\/index.php\/wp-json\/wp\/v2\/types\/page"}],"author":[{"embeddable":true,"href":"https:\/\/www.arcanic.dk\/index.php\/wp-json\/wp\/v2\/users\/1"}],"replies":[{"embeddable":true,"href":"https:\/\/www.arcanic.dk\/index.php\/wp-json\/wp\/v2\/comments?post=865"}],"version-history":[{"count":4,"href":"https:\/\/www.arcanic.dk\/index.php\/wp-json\/wp\/v2\/pages\/865\/revisions"}],"predecessor-version":[{"id":871,"href":"https:\/\/www.arcanic.dk\/index.php\/wp-json\/wp\/v2\/pages\/865\/revisions\/871"}],"up":[{"embeddable":true,"href":"https:\/\/www.arcanic.dk\/index.php\/wp-json\/wp\/v2\/pages\/58"}],"wp:attachment":[{"href":"https:\/\/www.arcanic.dk\/index.php\/wp-json\/wp\/v2\/media?parent=865"}],"curies":[{"name":"wp","href":"https:\/\/api.w.org\/{rel}","templated":true}]}}