{"id":87,"date":"2019-11-26T08:08:03","date_gmt":"2019-11-26T08:08:03","guid":{"rendered":"http:\/\/wpadmin\/?page_id=87"},"modified":"2020-06-24T06:48:00","modified_gmt":"2020-06-24T05:48:00","slug":"kursuskatalog","status":"publish","type":"page","link":"https:\/\/www.arcanic.dk\/index.php\/losninger\/kursuskatalog\/","title":{"rendered":"Kursuskatalog"},"content":{"rendered":"\n<p>Modulet er en digitaliseret udgave af det analoge kursuskatalog og benyttes p\u00e5 flere af landets universiteter. Se fx  <a href=\"https:\/\/kurser.ku.dk\/\">https:\/\/kurser.ku.dk\/<\/a> eller  <a href=\"https:\/\/kursuskatalog.cbs.dk\/search.aspx\">https:\/\/kursuskatalog.cbs.dk\/search.aspx<\/a> hvor der kan frems\u00f8ges kurser p\u00e5 tv\u00e6rs af fakulteter, institutter, undervisningssprog mv.<\/p>\n\n\n\n<p>Modulet indeholder i udgangspunktet et stort antal felter til inddatering af forskellig information men kan tilpasses til uddannelsesinstutionens helt specifikke behov<\/p>\n\n\n\n<p><strong>For<\/strong> <strong>administratorer og kursusansvarlige<\/strong> underst\u00f8ttes det faglige\/administrative workflow ifm. godkendelse og publicering af kurser. Det vil sige<\/p>\n\n\n\n<ul class=\"wp-block-list\"><li>kurser kan oprettes, redigeres og nedl\u00e6gges<\/li><li>digital underst\u00f8ttelse af det faktiske workflow i organisationen<\/li><li>overblik, gennemsigtighed og ensartethed i kursusudbuddet<\/li><\/ul>\n\n\n\n<p><strong>For studerende og potentielle studerende<\/strong> giver modulet et godt overblik over mulige kurser og indhold. Det vil sige<\/p>\n\n\n\n<ul class=\"wp-block-list\"><li>en intuitiv frems\u00f8gning af kurser<\/li><li>mulighed for s\u00f8gning p\u00e5 tv\u00e6rs af flere elementer og kriterier <\/li><li>godt indblik i kursernes indhold,  l\u00e6ringsm\u00e5l,  eksamensform, arbejdsbelastning mv <\/li><\/ul>\n\n\n\n<pre class=\"wp-block-preformatted\"> For mere information kontakt Anne Oddershede Larsen p\u00e5 aola@arcanic.dk<\/pre>\n","protected":false},"excerpt":{"rendered":"<p>underst\u00f8tter workflow for administratorer ift. publicering af kursusinformation og giver de studerende overblik over kurser og indhold.<\/p>\n","protected":false},"author":2,"featured_media":0,"parent":58,"menu_order":0,"comment_status":"closed","ping_status":"closed","template":"","meta":{"footnotes":""},"class_list":["post-87","page","type-page","status-publish","hentry"],"featured_image_urls_v2":{"full":"","thumbnail":"","medium":"","medium_large":"","large":"","1536x1536":"","2048x2048":""},"post_excerpt_stackable_v2":"<p>underst\u00f8tter workflow for administratorer ift. publicering af kursusinformation og giver de studerende overblik over kurser og indhold.<\/p>\n","category_list_v2":"","author_info_v2":{"name":"Berit Cecilie Brix","url":"https:\/\/www.arcanic.dk\/index.php\/author\/bcbrix\/"},"comments_num_v2":"0 comments","_links":{"self":[{"href":"https:\/\/www.arcanic.dk\/index.php\/wp-json\/wp\/v2\/pages\/87","targetHints":{"allow":["GET"]}}],"collection":[{"href":"https:\/\/www.arcanic.dk\/index.php\/wp-json\/wp\/v2\/pages"}],"about":[{"href":"https:\/\/www.arcanic.dk\/index.php\/wp-json\/wp\/v2\/types\/page"}],"author":[{"embeddable":true,"href":"https:\/\/www.arcanic.dk\/index.php\/wp-json\/wp\/v2\/users\/2"}],"replies":[{"embeddable":true,"href":"https:\/\/www.arcanic.dk\/index.php\/wp-json\/wp\/v2\/comments?post=87"}],"version-history":[{"count":13,"href":"https:\/\/www.arcanic.dk\/index.php\/wp-json\/wp\/v2\/pages\/87\/revisions"}],"predecessor-version":[{"id":617,"href":"https:\/\/www.arcanic.dk\/index.php\/wp-json\/wp\/v2\/pages\/87\/revisions\/617"}],"up":[{"embeddable":true,"href":"https:\/\/www.arcanic.dk\/index.php\/wp-json\/wp\/v2\/pages\/58"}],"wp:attachment":[{"href":"https:\/\/www.arcanic.dk\/index.php\/wp-json\/wp\/v2\/media?parent=87"}],"curies":[{"name":"wp","href":"https:\/\/api.w.org\/{rel}","templated":true}]}}