{"id":89,"date":"2019-11-26T08:09:13","date_gmt":"2019-11-26T08:09:13","guid":{"rendered":"http:\/\/wpadmin\/?page_id=89"},"modified":"2022-03-07T14:41:23","modified_gmt":"2022-03-07T13:41:23","slug":"itx","status":"publish","type":"page","link":"https:\/\/www.arcanic.dk\/index.php\/losninger\/itx\/","title":{"rendered":"ITX-fabrik og ITX Mobil"},"content":{"rendered":"\n<p>L\u00f8sningen underst\u00f8tter effektivt og sikkert processen for afviklingen af digitale stedpr\u00f8ver fra ops\u00e6tning, opgaveudlevering, besvarelse, aflevering og &#8211; for multiple choice pr\u00f8ver &#8211; ogs\u00e5 bed\u00f8mmelse. Stedpr\u00f8ver er kendetegnet ved at de foreg\u00e5r p\u00e5 et s\u00e6rligt tidspunkt, i et s\u00e6rligt lokale og under opsyn.<\/p>\n\n\n\n<p>ITX-fabrik har v\u00e6ret i brug p\u00e5 K\u00f8benhavns Universitet siden 2007 i deres  eksamenshus og h\u00e5ndterer ca. 60.000 afleveringer \u00e5rligt og er t\u00e6t koblet  til Arcanics eksamensportal, Digital Eksamen. L\u00f8sningen er ogs\u00e5 i brug, n\u00e5r Advokatsamfundet afvikler deres \u00e5rlige knapt 600 pr\u00f8ver<\/p>\n\n\n\n<p><strong>For administratorer\/bed\u00f8mmer<\/strong>e giver det mulighed for f\u00f8lgende<\/p>\n\n\n\n<ul class=\"wp-block-list\"><li>kontrol af hvilke onlineressourcer og hj\u00e6lpemidler, som de studerende har adgang til <\/li><li>automatisk digital opgaveudlevering p\u00e5 fastsat klokkes\u00e6t<\/li><li>automatisk backup af de studerendes besvarelser hvert minut<\/li><li>Automatisk pdf-formattering og aflevering p\u00e5 defineret tidspunkt<\/li><\/ul>\n\n\n\n<p><strong>For studerende<\/strong> tilbyder systemet<\/p>\n\n\n\n<ul class=\"wp-block-list\"><li>enkel og brugervenlig eksamensoplevelse fra opgaven udleveres til besvarelser afleveres<\/li><li>digitalt underst\u00f8ttet studentersupport under hele eksamen<\/li><li>mulighed for adgang til oploadede noter hvis tilladt<\/li><li>adgang til specificerede online ressourcer hvis tilladt<\/li><\/ul>\n\n\n\n<pre class=\"wp-block-preformatted\"> For mere information kontakt Arvid Klein Gregersen p\u00e5 arig@arcanic.dk<\/pre>\n\n\n\n<p><\/p>\n","protected":false},"excerpt":{"rendered":"<p>underst\u00f8tter afviklingen af digitale stedpr\u00f8ver fra ops\u00e6tning, opgaveudlevering, besvarelse og aflevering p\u00e5 institutionscomputere.<\/p>\n","protected":false},"author":2,"featured_media":0,"parent":58,"menu_order":0,"comment_status":"closed","ping_status":"closed","template":"","meta":{"footnotes":""},"class_list":["post-89","page","type-page","status-publish","hentry"],"featured_image_urls_v2":{"full":"","thumbnail":"","medium":"","medium_large":"","large":"","1536x1536":"","2048x2048":""},"post_excerpt_stackable_v2":"<p>underst\u00f8tter afviklingen af digitale stedpr\u00f8ver fra ops\u00e6tning, opgaveudlevering, besvarelse og aflevering p\u00e5 institutionscomputere.<\/p>\n","category_list_v2":"","author_info_v2":{"name":"Berit Cecilie Brix","url":"https:\/\/www.arcanic.dk\/index.php\/author\/bcbrix\/"},"comments_num_v2":"0 comments","_links":{"self":[{"href":"https:\/\/www.arcanic.dk\/index.php\/wp-json\/wp\/v2\/pages\/89","targetHints":{"allow":["GET"]}}],"collection":[{"href":"https:\/\/www.arcanic.dk\/index.php\/wp-json\/wp\/v2\/pages"}],"about":[{"href":"https:\/\/www.arcanic.dk\/index.php\/wp-json\/wp\/v2\/types\/page"}],"author":[{"embeddable":true,"href":"https:\/\/www.arcanic.dk\/index.php\/wp-json\/wp\/v2\/users\/2"}],"replies":[{"embeddable":true,"href":"https:\/\/www.arcanic.dk\/index.php\/wp-json\/wp\/v2\/comments?post=89"}],"version-history":[{"count":15,"href":"https:\/\/www.arcanic.dk\/index.php\/wp-json\/wp\/v2\/pages\/89\/revisions"}],"predecessor-version":[{"id":773,"href":"https:\/\/www.arcanic.dk\/index.php\/wp-json\/wp\/v2\/pages\/89\/revisions\/773"}],"up":[{"embeddable":true,"href":"https:\/\/www.arcanic.dk\/index.php\/wp-json\/wp\/v2\/pages\/58"}],"wp:attachment":[{"href":"https:\/\/www.arcanic.dk\/index.php\/wp-json\/wp\/v2\/media?parent=89"}],"curies":[{"name":"wp","href":"https:\/\/api.w.org\/{rel}","templated":true}]}}