{"id":978,"date":"2024-12-10T14:55:25","date_gmt":"2024-12-10T13:55:25","guid":{"rendered":"https:\/\/www.arcanic.dk\/?page_id=978"},"modified":"2024-12-10T15:05:22","modified_gmt":"2024-12-10T14:05:22","slug":"automatiseret-sagsbehandling-af-kvote-1-ansogninger","status":"publish","type":"page","link":"https:\/\/www.arcanic.dk\/index.php\/losninger\/automatiseret-sagsbehandling-af-kvote-1-ansogninger\/","title":{"rendered":"Automatiseret sagsbehandling af Kvote 1 ans\u00f8gninger"},"content":{"rendered":"\n<p>Arcanic tilbyder flere automatiseringsjobs (ben\u00e6vnt scripts) til h\u00e5ndtering af Kvote1 optagelse for at minimere det manuelle arbejde, der ligger i at sagsbehandle ans\u00f8gninger, som ikke kr\u00e6ver s\u00e6rlig h\u00e5ndtering.<\/p>\n\n\n\n<p><strong>Kvote 1 scriptet <\/strong>screener alle ans\u00f8gninger, der skal betragtes i Kvote 1. For hver ans\u00f8gning vurderes om den skal 1) manuelt behandles, 2) f\u00e6rdigbehandles med det samme eller 3) behandles senere, da der mangler et eksamensbevis.<\/p>\n\n\n\n<p>Dette betyder at alle de ans\u00f8gninger, som ikke kr\u00e6ver s\u00e6rlig behandling kan sagsbehandles automatisk. Dette sparer b\u00e5de tid og ressourcer.<\/p>\n\n\n\n<p>Der tilbydes ogs\u00e5 en automatisering, som kan overf\u00f8re studerendes bekr\u00e6ftelser til at have status Optaget i det administrative system.<\/p>\n\n\n\n<figure class=\"wp-block-image size-full\"><img loading=\"lazy\" decoding=\"async\" width=\"772\" height=\"912\" src=\"https:\/\/www.arcanic.dk\/wp-content\/uploads\/2024\/12\/20240925-RobotZealand.jpg\" alt=\"\" class=\"wp-image-980\" srcset=\"https:\/\/www.arcanic.dk\/wp-content\/uploads\/2024\/12\/20240925-RobotZealand.jpg 772w, https:\/\/www.arcanic.dk\/wp-content\/uploads\/2024\/12\/20240925-RobotZealand-254x300.jpg 254w, https:\/\/www.arcanic.dk\/wp-content\/uploads\/2024\/12\/20240925-RobotZealand-768x907.jpg 768w\" sizes=\"auto, (max-width: 772px) 100vw, 772px\" \/><\/figure>\n\n\n\n<pre class=\"wp-block-preformatted\">For mere information kontakt Berit Cecilie Brix p\u00e5 bcbrix@arcanic.dk<\/pre>\n\n\n\n<p><\/p>\n","protected":false},"excerpt":{"rendered":"<p>Scripts til automatisk h\u00e5ndtering af Kvote1 optagelse for at minimere det manuelle arbejde, der ligger i at sagsbehandle ans\u00f8gninger, som ikke kr\u00e6ver s\u00e6rlig h\u00e5ndtering.<\/p>\n","protected":false},"author":2,"featured_media":0,"parent":58,"menu_order":0,"comment_status":"closed","ping_status":"closed","template":"","meta":{"footnotes":""},"class_list":["post-978","page","type-page","status-publish","hentry"],"featured_image_urls_v2":{"full":"","thumbnail":"","medium":"","medium_large":"","large":"","1536x1536":"","2048x2048":""},"post_excerpt_stackable_v2":"<p>Scripts til automatisk h\u00e5ndtering af Kvote1 optagelse for at minimere det manuelle arbejde, der ligger i at sagsbehandle ans\u00f8gninger, som ikke kr\u00e6ver s\u00e6rlig h\u00e5ndtering.<\/p>\n","category_list_v2":"","author_info_v2":{"name":"Berit Cecilie Brix","url":"https:\/\/www.arcanic.dk\/index.php\/author\/bcbrix\/"},"comments_num_v2":"0 comments","_links":{"self":[{"href":"https:\/\/www.arcanic.dk\/index.php\/wp-json\/wp\/v2\/pages\/978","targetHints":{"allow":["GET"]}}],"collection":[{"href":"https:\/\/www.arcanic.dk\/index.php\/wp-json\/wp\/v2\/pages"}],"about":[{"href":"https:\/\/www.arcanic.dk\/index.php\/wp-json\/wp\/v2\/types\/page"}],"author":[{"embeddable":true,"href":"https:\/\/www.arcanic.dk\/index.php\/wp-json\/wp\/v2\/users\/2"}],"replies":[{"embeddable":true,"href":"https:\/\/www.arcanic.dk\/index.php\/wp-json\/wp\/v2\/comments?post=978"}],"version-history":[{"count":3,"href":"https:\/\/www.arcanic.dk\/index.php\/wp-json\/wp\/v2\/pages\/978\/revisions"}],"predecessor-version":[{"id":984,"href":"https:\/\/www.arcanic.dk\/index.php\/wp-json\/wp\/v2\/pages\/978\/revisions\/984"}],"up":[{"embeddable":true,"href":"https:\/\/www.arcanic.dk\/index.php\/wp-json\/wp\/v2\/pages\/58"}],"wp:attachment":[{"href":"https:\/\/www.arcanic.dk\/index.php\/wp-json\/wp\/v2\/media?parent=978"}],"curies":[{"name":"wp","href":"https:\/\/api.w.org\/{rel}","templated":true}]}}